{"id":4047,"date":"2019-07-05T16:33:08","date_gmt":"2019-07-05T13:33:08","guid":{"rendered":"https:\/\/hemegkongre2019.atauni.edu.tr\/?page_id=4047"},"modified":"2019-10-10T19:12:58","modified_gmt":"2019-10-10T16:12:58","slug":"bilimsel-kurul-2","status":"publish","type":"page","link":"https:\/\/hemegkongre2019.atauni.edu.tr\/index.php\/bilimsel-kurul-2\/","title":{"rendered":"Bilimsel Kurul"},"content":{"rendered":"<p>[vc_row][vc_column][vc_column_text]<\/p>\n<p style=\"text-align: center;\">\u00a0B\u0130L\u0130MSEL KURUL<\/p>\n<p style=\"text-align: center;\">Afife Yurtta\u015f, Atat\u00fcrk \u00dcniversitesi<\/p>\n<p style=\"text-align: center;\">Arzu Sar\u0131alio\u011flu, Atat\u00fcrk \u00dcniversitesi<\/p>\n<p style=\"text-align: center;\">Arzu YILDIRIM, Erzincan Binali Y\u0131ld\u0131r\u0131m \u00dcniversitesi<\/p>\n<p style=\"text-align: center;\">Asl\u0131 Sis \u00c7elik, Atat\u00fcrk \u00dcniversitesi<\/p>\n<p style=\"text-align: center;\">Ayda \u00c7elebio\u011flu, Mersin \u00dcniversitesi<\/p>\n<p style=\"text-align: center;\">Ayi\u015fe Karada\u011f, Ko\u00e7 \u00dcniversitesi<\/p>\n<p style=\"text-align: center;\">Ay\u015fe Ayd\u0131n, Atat\u00fcrk \u00dcniversitesi<\/p>\n<p style=\"text-align: center;\">Ay\u015fe PARLAK, Atat\u00fcrk \u00dcniversitesi<\/p>\n<p style=\"text-align: center;\">Ay\u015feg\u00fcl Bilge, Ege \u00dcniversitesi<\/p>\n<p style=\"text-align: center;\">Ay\u015feg\u00fcl Sar\u0131o\u011flu Kemer, Atat\u00fcrk \u00dcniversitesi<\/p>\n<p style=\"text-align: center;\">Ay\u015feg\u00fcl Yayla, Atat\u00fcrk \u00dcniversitesi<\/p>\n<p style=\"text-align: center;\">Bahar \u00c7ift\u00e7i, Atat\u00fcrk \u00dcniversitesi<\/p>\n<p style=\"text-align: center;\">Behice ERC\u0130, Malatya \u00dcniversitesi<\/p>\n<p style=\"text-align: center;\">Birsel Canan DEM\u0130RBA\u011e, Karadeniz Teknik \u00dcniversitesi<\/p>\n<p style=\"text-align: center;\">Cant\u00fcrk \u00c7ap\u0131k, Atat\u00fcrk \u00dcniversitesi<\/p>\n<p style=\"text-align: center;\">Carol Reid, Yeni Zelanda<\/p>\n<p style=\"text-align: center;\">Dilek G\u00fcr\u00e7ay\u0131r, Atat\u00fcrk \u00dcniversitesi<\/p>\n<p style=\"text-align: center;\">Dilek K\u0131l\u0131\u00e7, Atat\u00fcrk \u00dcniversitesi<\/p>\n<p style=\"text-align: center;\">Duygu Ar\u0131kan, Atat\u00fcrk \u00dcniversitesi<\/p>\n<p style=\"text-align: center;\">Eda Ay, Atat\u00fcrk \u00dcniversitesi<\/p>\n<p style=\"text-align: center;\">Ehsan Khan, King&#8217;s College, \u0130ngiltere<\/p>\n<p style=\"text-align: center;\">Elanur Y\u0131lmaz Karabulutlu, Atat\u00fcrk \u00dcniversitesi<\/p>\n<p style=\"text-align: center;\">Emine K\u0131yak, Atat\u00fcrk \u00dcniversitesi<\/p>\n<p style=\"text-align: center;\">Emine KOL, Akdeniz \u00dcniversitesi<\/p>\n<p style=\"text-align: center;\">Esin Kavuran, Atat\u00fcrk \u00dcniversitesi<\/p>\n<p style=\"text-align: center;\">Esra Y\u0131ld\u0131z, Atat\u00fcrk \u00dcniversitesi<\/p>\n<p style=\"text-align: center;\">Fatma G\u00fcd\u00fcc\u00fc T\u00fcfek\u00e7i, Atat\u00fcrk \u00dcniversitesi<\/p>\n<p style=\"text-align: center;\">Fatma Kurudirek, Atat\u00fcrk \u00dcniversitesi<\/p>\n<p style=\"text-align: center;\">Fatma ORGUN, Ege \u00dcniversitesi<\/p>\n<p style=\"text-align: center;\">Fatma Tok Y\u0131ld\u0131z, Sivas Cumhuriyet \u00dcniversitesi<\/p>\n<p style=\"text-align: center;\">G\u00fclay \u0130pek \u00c7oban, Atat\u00fcrk \u00dcniversitesi<\/p>\n<p style=\"text-align: center;\">G\u00fcl\u00e7in Av\u015far, Atat\u00fcrk \u00dcniversitesi<\/p>\n<p style=\"text-align: center;\">\u00a0 \u00a0 \u00a0 G\u00fclseren Kocaman,Dokuz Eyl\u00fcl \u00dcniversitesi<\/p>\n<p style=\"text-align: center;\">G\u00fcl\u015fen Ery\u0131lmaz, Atat\u00fcrk \u00dcniversitesi<\/p>\n<p style=\"text-align: center;\">Harriet R. Feldman, Pace University, USA<\/p>\n<p style=\"text-align: center;\">Hasret Yal\u00e7\u0131n\u00f6z Baysal, Atat\u00fcrk \u00dcniversitesi<\/p>\n<p style=\"text-align: center;\">Hatice Durmaz, Atat\u00fcrk \u00dcniversitesi<\/p>\n<p style=\"text-align: center;\">Hatice Polat, Atat\u00fcrk \u00dcniversitesi<\/p>\n<p style=\"text-align: center;\">Havva \u00d6ZT\u00dcRK, Karadeniz Teknik \u00dcniversitesi<\/p>\n<p style=\"text-align: center;\">Helen Edwards, University of Queensland, Avusturalya<\/p>\n<p style=\"text-align: center;\">Hester C. Klopper, Stellenbosch University, G\u00fcney Africa<\/p>\n<p style=\"text-align: center;\">H\u00fclya KAYA, \u0130stanbul \u00dcniversitesi<\/p>\n<p style=\"text-align: center;\">H\u00fclya U\u00c7AR, Hacettepe \u00dcniversitesi<\/p>\n<p style=\"text-align: center;\">\u0130lkay BOZ, Akdeniz \u00dcniversitesi<\/p>\n<p style=\"text-align: center;\">Jaap van der Bijl, Inholland University of Applied Sciences, Hollanda<\/p>\n<p style=\"text-align: center;\">Jackie Sturt, King\u2019s College, \u0130ngiltere<\/p>\n<p style=\"text-align: center;\">June Alberto, Georgia State University, G\u00fcrcistan<\/p>\n<p style=\"text-align: center;\">K\u00fcbra G\u00f6kalp, Atat\u00fcrk \u00dcniversitesi<\/p>\n<p style=\"text-align: center;\">Leyla Din\u00e7, Hacettepe \u00dcniversitesi<\/p>\n<p style=\"text-align: center;\">Lilie Shortridge Baggett, Pace University, USA<\/p>\n<p style=\"text-align: center;\">Mehtap Kavurmac\u0131, Atat\u00fcrk \u00dcniversitesi<\/p>\n<p style=\"text-align: center;\">Mehtap Tan, Atat\u00fcrk \u00dcniversitesi<\/p>\n<p style=\"text-align: center;\">Meltem \u015eirin G\u00f6k, Atat\u00fcrk \u00dcniversitesi<\/p>\n<p style=\"text-align: center;\">Merdiye \u015eendir, Sa\u011fl\u0131k Bilimleri \u00dcniversitesi<\/p>\n<p style=\"text-align: center;\">Mine Ekinci, Atat\u00fcrk \u00dcniversitesi<\/p>\n<p style=\"text-align: center;\">Mirjam Norris Nommensen, Hollanda<\/p>\n<p style=\"text-align: center;\">Murat BEKTA\u015e, Dokuz Eyl\u00fcl \u00dcniversitesi<\/p>\n<p style=\"text-align: center;\">Nadiye \u00d6zer, Atat\u00fcrk \u00dcniversitesi<\/p>\n<p style=\"text-align: center;\">Nazl\u0131 Hac\u0131alio\u011flu, Atat\u00fcrk \u00dcniversitesi<\/p>\n<p style=\"text-align: center;\">Neziha Karabulut, Atat\u00fcrk \u00dcniversitesi<\/p>\n<p style=\"text-align: center;\">Nihan T\u00fcrko\u011flu, Atat\u00fcrk \u00dcniversitesi<\/p>\n<p style=\"text-align: center;\">Nuray Dayapo\u011flu, Atat\u00fcrk \u00dcniversitesi<\/p>\n<p style=\"text-align: center;\">Nurhan Bayraktar, Near East University, TRNC<\/p>\n<p style=\"text-align: center;\">Nurten KAYA, \u0130stanbul \u00dcniversitesi<\/p>\n<p style=\"text-align: center;\">\u00d6zen KULAKA\u00c7, Ondokuz May\u0131s \u00dcniversitesi<\/p>\n<p style=\"text-align: center;\">\u00d6zlem \u015eahin Altun, Atat\u00fcrk \u00dcniversitesi<\/p>\n<p style=\"text-align: center;\">Papatya KARAKURT, Erzincan Binali Y\u0131ld\u0131r\u0131m \u00dcniversitesi<\/p>\n<p style=\"text-align: center;\">Paula Ingram, NHS Education for Scotland, \u0130sko\u00e7ya<\/p>\n<p style=\"text-align: center;\">Peter Draper, University of Hull, \u0130ngiltere<\/p>\n<p style=\"text-align: center;\">Rabia HACIHASANO\u011eLU A\u015eILAR<\/p>\n<p style=\"text-align: center;\">Rah\u015fan \u00c7EV\u0130K AKYIL, Adnan Menderes \u00dcniversitesi<\/p>\n<p style=\"text-align: center;\">Reezena Malaska- Florida, USA<\/p>\n<p style=\"text-align: center;\">Reva Balc\u0131 Akp\u0131nar, Atat\u00fcrk \u00dcniversitesi<\/p>\n<p style=\"text-align: center;\">Roger Watson, University of Hull, \u0130ngiltere<\/p>\n<p style=\"text-align: center;\">Rona Levin, ABD.<\/p>\n<p style=\"text-align: center;\">Rukuye Aylaz, \u0130n\u00f6n\u00fc \u00dcniversitesi<\/p>\n<p style=\"text-align: center;\">Sebahat G\u00f6z\u00fcm, Akdeniz \u00dcniversitesi<\/p>\n<p style=\"text-align: center;\">Selma G\u00f6rg\u00fcl\u00fc, Eastern Mediterranean University, TRNC<\/p>\n<p style=\"text-align: center;\">Serap ALTUNTA\u015e, Band\u0131rma Onyedi Eyl\u00fcl \u00dcniversitesi<\/p>\n<p style=\"text-align: center;\">Sevilay \u015eenol \u00c7elik- Girne University- TRNC<\/p>\n<p style=\"text-align: center;\">Sevim Buzlu, \u0130stanbul \u00dcniversitesi<\/p>\n<p style=\"text-align: center;\">Sevin\u00e7 POLAT, Yozgat Bozok \u00dcniversitesi<\/p>\n<p style=\"text-align: center;\">Shu-Fang Vivienne Wu, Taiwan<\/p>\n<p style=\"text-align: center;\">Sibel Asi Karaka\u015f, Atat\u00fcrk \u00dcniversitesi<\/p>\n<p style=\"text-align: center;\">Sonay Bilgin, Atat\u00fcrk \u00dcniversitesi<\/p>\n<p style=\"text-align: center;\">Souzan Hawala Druy, Howard University, USA<\/p>\n<p style=\"text-align: center;\">Stuart Cable, Edinburgh Napier University, \u0130sko\u00e7ya<\/p>\n<p style=\"text-align: center;\">Suisie Schifield, Dundee University, \u0130ngiltere<\/p>\n<p style=\"text-align: center;\">\u015eerife KARAG\u00d6ZO\u011eLU, Sivas Cumhuriyet \u00dcniversitesi<\/p>\n<p style=\"text-align: center;\">\u015eeyda Seren \u0130ntepeler, 9 Eyl\u00fcl \u00dcniversitesi<\/p>\n<p style=\"text-align: center;\">T\u00fclin Bed\u00fck, Ankara \u00dcniversitesi<\/p>\n<p style=\"text-align: center;\">T\u00fcrkan Kadiro\u011flu, Atat\u00fcrk \u00dcniversitesi<\/p>\n<p style=\"text-align: center;\">T\u00fcrkinaz A\u015eT\u0130, Bezmialem Vak\u0131f \u00dcniversitesi<\/p>\n<p style=\"text-align: center;\">\u00dcmran Dal Y\u0131lmaz, Yak\u0131n Do\u011fu \u00dcniversitesi, TRNC<\/p>\n<p style=\"text-align: center;\">Vesile Eskici, Atat\u00fcrk \u00dcniversitesi<\/p>\n<p style=\"text-align: center;\">Yelda \u00d6zsunar Dayan\u0131r, Adnan Menderes \u00dcniversitesi<\/p>\n<p style=\"text-align: center;\">Zeliha Ko\u00e7, Ondokuz May\u0131s \u00dcniversitesi<\/p>\n<p style=\"text-align: center;\">Zeynep Karaman \u00d6zl\u00fc, Atat\u00fcrk \u00dcniversitesi<\/p>\n<p style=\"text-align: center;\">*isimler alfabetik s\u0131raya g\u00f6re konulmu\u015ftur ve davet mektubu cevaplar\u0131na g\u00f6re g\u00fcncellenmesi devam etmektedir<\/p>\n<p>[\/vc_column_text][\/vc_column][\/vc_row]<\/p>\n","protected":false},"excerpt":{"rendered":"<p>[vc_row][vc_column][vc_column_text] \u00a0B\u0130L\u0130MSEL KURUL Afife Yurtta\u015f, Atat\u00fcrk \u00dcniversitesi Arzu Sar\u0131alio\u011flu, Atat\u00fcrk \u00dcniversitesi Arzu YILDIRIM, Erzincan Binali Y\u0131ld\u0131r\u0131m \u00dcniversitesi Asl\u0131 Sis \u00c7elik, Atat\u00fcrk \u00dcniversitesi Ayda \u00c7elebio\u011flu, Mersin \u00dcniversitesi Ayi\u015fe Karada\u011f, Ko\u00e7 \u00dcniversitesi Ay\u015fe Ayd\u0131n, Atat\u00fcrk \u00dcniversitesi Ay\u015fe PARLAK, Atat\u00fcrk \u00dcniversitesi Ay\u015feg\u00fcl Bilge, Ege \u00dcniversitesi Ay\u015feg\u00fcl Sar\u0131o\u011flu Kemer, Atat\u00fcrk \u00dcniversitesi Ay\u015feg\u00fcl Yayla, Atat\u00fcrk \u00dcniversitesi Bahar \u00c7ift\u00e7i, Atat\u00fcrk \u00dcniversitesi [&hellip;]<\/p>\n","protected":false},"author":1,"featured_media":0,"parent":0,"menu_order":0,"comment_status":"closed","ping_status":"closed","template":"","meta":{"footnotes":""},"class_list":["post-4047","page","type-page","status-publish","hentry"],"_links":{"self":[{"href":"https:\/\/hemegkongre2019.atauni.edu.tr\/index.php\/wp-json\/wp\/v2\/pages\/4047","targetHints":{"allow":["GET"]}}],"collection":[{"href":"https:\/\/hemegkongre2019.atauni.edu.tr\/index.php\/wp-json\/wp\/v2\/pages"}],"about":[{"href":"https:\/\/hemegkongre2019.atauni.edu.tr\/index.php\/wp-json\/wp\/v2\/types\/page"}],"author":[{"embeddable":true,"href":"https:\/\/hemegkongre2019.atauni.edu.tr\/index.php\/wp-json\/wp\/v2\/users\/1"}],"replies":[{"embeddable":true,"href":"https:\/\/hemegkongre2019.atauni.edu.tr\/index.php\/wp-json\/wp\/v2\/comments?post=4047"}],"version-history":[{"count":16,"href":"https:\/\/hemegkongre2019.atauni.edu.tr\/index.php\/wp-json\/wp\/v2\/pages\/4047\/revisions"}],"predecessor-version":[{"id":4414,"href":"https:\/\/hemegkongre2019.atauni.edu.tr\/index.php\/wp-json\/wp\/v2\/pages\/4047\/revisions\/4414"}],"wp:attachment":[{"href":"https:\/\/hemegkongre2019.atauni.edu.tr\/index.php\/wp-json\/wp\/v2\/media?parent=4047"}],"curies":[{"name":"wp","href":"https:\/\/api.w.org\/{rel}","templated":true}]}}