{"id":4043,"date":"2019-07-05T16:32:49","date_gmt":"2019-07-05T13:32:49","guid":{"rendered":"https:\/\/hemegkongre2019.atauni.edu.tr\/?page_id=4043"},"modified":"2019-07-18T15:55:25","modified_gmt":"2019-07-18T12:55:25","slug":"duzenleme-kurulu","status":"publish","type":"page","link":"https:\/\/hemegkongre2019.atauni.edu.tr\/index.php\/duzenleme-kurulu\/","title":{"rendered":"D\u00fczenleme Kurulu"},"content":{"rendered":"<p>[vc_row][vc_column][vc_column_text]<\/p>\n<p style=\"text-align: center;\"><strong>KONGRE ONURSAL BA\u015eKANI<\/strong><\/p>\n<p style=\"text-align: center;\">Prof. Dr. \u00d6mer \u00c7OMAKLI (Rekt\u00f6r)<\/p>\n<p style=\"text-align: center;\">Atat\u00fcrk \u00dcniversitesi, T\u00fcrkiye<\/p>\n<p style=\"text-align: center;\"><strong>\u00a0<\/strong><\/p>\n<p style=\"text-align: center;\"><strong>KONGRE BA\u015eKANI<\/strong><\/p>\n<p style=\"text-align: center;\">Prof. Dr. Ma\u011ffiret KA\u015eIK\u00c7I (Dekan)<\/p>\n<p style=\"text-align: center;\">Atat\u00fcrk \u00dcniversitesi, T\u00fcrkiye<\/p>\n<p style=\"text-align: center;\">\n<p style=\"text-align: center;\"><strong>D\u00dcZENLEME KURULU BA\u015eKANI<\/strong><\/p>\n<p style=\"text-align: center;\">Do\u00e7. Dr. Cant\u00fcrk \u00c7APIK, Atat\u00fcrk \u00dcniversitesi, T\u00fcrkiye<\/p>\n<p style=\"text-align: center;\">\n<p style=\"text-align: center;\"><strong>D\u00dcZENLEME KURULU<\/strong><\/p>\n<p style=\"text-align: center;\">Afife Yurtta\u015f, Atat\u00fcrk \u00dcniversitesi, T\u00fcrkiye<\/p>\n<p style=\"text-align: center;\">Ehsan Khan, King&#8217;s College, \u0130ngiltere<\/p>\n<p style=\"text-align: center;\">Elanur Y\u0131lmaz Karabulutlu, Atat\u00fcrk \u00dcniversitesi, T\u00fcrkiye<\/p>\n<p style=\"text-align: center;\">Esin Kavuran, Atat\u00fcrk \u00dcniversitesi, T\u00fcrkiye<\/p>\n<p style=\"text-align: center;\">Esra Y\u0131ld\u0131z, Atat\u00fcrk \u00dcniversitesi, T\u00fcrkiye<\/p>\n<p style=\"text-align: center;\">Jackie Sturt, King\u2019s College, \u0130ngiltere<\/p>\n<p style=\"text-align: center;\">K\u00fcbra G\u00f6kalp, Atat\u00fcrk \u00dcniversitesi, T\u00fcrkiye<\/p>\n<p style=\"text-align: center;\">Mehtap Kavurmac\u0131, Atat\u00fcrk \u00dcniversitesi, T\u00fcrkiye<\/p>\n<p style=\"text-align: center;\">Nadiye \u00d6zer, Atat\u00fcrk \u00dcniversitesi, T\u00fcrkiye<\/p>\n<p style=\"text-align: center;\">Nazl\u0131 Hac\u0131alio\u011flu, Atat\u00fcrk \u00dcniversitesi, T\u00fcrkiye<\/p>\n<p style=\"text-align: center;\">Neziha Karabulut, Atat\u00fcrk \u00dcniversitesi, T\u00fcrkiye<\/p>\n<p style=\"text-align: center;\">Paula Ingram, NHS Education For Scotland, \u0130sko\u00e7ya<\/p>\n<p style=\"text-align: center;\">Reva Balc\u0131 Akp\u0131nar, Atat\u00fcrk \u00dcniversitesi, T\u00fcrkiye<\/p>\n<p style=\"text-align: center;\">Roger Watson, University Of Hull, \u0130ngiltere<\/p>\n<p style=\"text-align: center;\">Lilie Shortridge Baggett, Pace University, USA<\/p>\n<p style=\"text-align: center;\">Semra K\u00f6se, Atat\u00fcrk \u00dcniversitesi, T\u00fcrkiye<\/p>\n<p style=\"text-align: center;\">Sibel Asi Karaka\u015f, Atat\u00fcrk \u00dcniversitesi, T\u00fcrkiye<\/p>\n<p style=\"text-align: center;\">Sonay Bilgin, Atat\u00fcrk \u00dcniversitesi, T\u00fcrkiye<\/p>\n<p style=\"text-align: center;\">Souzan Hawala Druy, Howard University, USA<\/p>\n<p style=\"text-align: center;\">Stuart Cable, Edinburgh Napier University, \u0130sko\u00e7ya<\/p>\n<p>[\/vc_column_text][\/vc_column][\/vc_row]<\/p>\n","protected":false},"excerpt":{"rendered":"<p>[vc_row][vc_column][vc_column_text] KONGRE ONURSAL BA\u015eKANI Prof. Dr. \u00d6mer \u00c7OMAKLI (Rekt\u00f6r) Atat\u00fcrk \u00dcniversitesi, T\u00fcrkiye \u00a0 KONGRE BA\u015eKANI Prof. Dr. Ma\u011ffiret KA\u015eIK\u00c7I (Dekan) Atat\u00fcrk \u00dcniversitesi, T\u00fcrkiye D\u00dcZENLEME KURULU BA\u015eKANI Do\u00e7. Dr. Cant\u00fcrk \u00c7APIK, Atat\u00fcrk \u00dcniversitesi, T\u00fcrkiye D\u00dcZENLEME KURULU Afife Yurtta\u015f, Atat\u00fcrk \u00dcniversitesi, T\u00fcrkiye Ehsan Khan, King&#8217;s College, \u0130ngiltere Elanur Y\u0131lmaz Karabulutlu, Atat\u00fcrk \u00dcniversitesi, T\u00fcrkiye Esin Kavuran, Atat\u00fcrk \u00dcniversitesi, [&hellip;]<\/p>\n","protected":false},"author":1,"featured_media":0,"parent":0,"menu_order":0,"comment_status":"closed","ping_status":"closed","template":"","meta":{"footnotes":""},"class_list":["post-4043","page","type-page","status-publish","hentry"],"_links":{"self":[{"href":"https:\/\/hemegkongre2019.atauni.edu.tr\/index.php\/wp-json\/wp\/v2\/pages\/4043","targetHints":{"allow":["GET"]}}],"collection":[{"href":"https:\/\/hemegkongre2019.atauni.edu.tr\/index.php\/wp-json\/wp\/v2\/pages"}],"about":[{"href":"https:\/\/hemegkongre2019.atauni.edu.tr\/index.php\/wp-json\/wp\/v2\/types\/page"}],"author":[{"embeddable":true,"href":"https:\/\/hemegkongre2019.atauni.edu.tr\/index.php\/wp-json\/wp\/v2\/users\/1"}],"replies":[{"embeddable":true,"href":"https:\/\/hemegkongre2019.atauni.edu.tr\/index.php\/wp-json\/wp\/v2\/comments?post=4043"}],"version-history":[{"count":6,"href":"https:\/\/hemegkongre2019.atauni.edu.tr\/index.php\/wp-json\/wp\/v2\/pages\/4043\/revisions"}],"predecessor-version":[{"id":4212,"href":"https:\/\/hemegkongre2019.atauni.edu.tr\/index.php\/wp-json\/wp\/v2\/pages\/4043\/revisions\/4212"}],"wp:attachment":[{"href":"https:\/\/hemegkongre2019.atauni.edu.tr\/index.php\/wp-json\/wp\/v2\/media?parent=4043"}],"curies":[{"name":"wp","href":"https:\/\/api.w.org\/{rel}","templated":true}]}}