{"id":3784,"date":"2019-05-30T09:37:30","date_gmt":"2019-05-30T06:37:30","guid":{"rendered":"https:\/\/hemegkongre2019.atauni.edu.tr\/en\/?page_id=3784"},"modified":"2019-09-12T10:36:55","modified_gmt":"2019-09-12T07:36:55","slug":"iletisim","status":"publish","type":"page","link":"https:\/\/hemegkongre2019.atauni.edu.tr\/index.php\/iletisim\/","title":{"rendered":"\u0130leti\u015fim"},"content":{"rendered":"<p>[vc_row][vc_column width=&#8221;1\/4&#8243;]<div class=\"porto-feature-box wpb_content_element  mb-0\"><div class=\"feature-box feature-box-primary feature-box-style-2\"><div class=\"feature-box-icon feature-box-icon-primary\"><i class=\"Simple-Line-Icons-location-pin\" style=\"font-size:27px\"><\/i><\/div><div class=\"feature-box-info\">[vc_custom_heading text=&#8221;Adres&#8221; font_container=&#8221;tag:h4|text_align:left&#8221; use_theme_fonts=&#8221;yes&#8221; el_class=&#8221;m-b-sm font-weight-normal&#8221;][vc_column_text el_class=&#8221;font-size-lg&#8221;]<\/p>\n<div class=\"place-name\">Nenehatun K\u00fclt\u00fcr Merkezi<\/div>\n<div class=\"address\">Atat\u00fcrk, Atat\u00fcrk \u00dcnv. No:38, 25240 Yakutiye\/Erzurum<\/div>\n<p>[\/vc_column_text]<\/div><\/div><\/div>[\/vc_column][vc_column width=&#8221;1\/2&#8243;]<div class=\"porto-feature-box wpb_content_element  mb-0\"><div class=\"feature-box feature-box-primary feature-box-style-2\"><div class=\"feature-box-icon feature-box-icon-primary\"><i class=\"Simple-Line-Icons-phone\" style=\"font-size:27px\"><\/i><\/div><div class=\"feature-box-info\">[vc_custom_heading text=&#8221;Telefon&#8221; font_container=&#8221;tag:h4|text_align:left&#8221; use_theme_fonts=&#8221;yes&#8221; el_class=&#8221;m-b-sm font-weight-normal&#8221;][vc_column_text el_class=&#8221;font-size-lg&#8221;]<\/p>\n<p class=\"profile_name\">Dr.\u00a0 \u00d6\u011fr. \u00dcyesi\u00a0 K\u00fcbra G\u00d6KALP\u00a0 0543 721 2127\u00a0 \u00a0\/\u00a0 0442 231 5665<\/p>\n<p>Ar\u015f. G\u00f6r.\u00a0 Semra K\u00d6SE\u00a0 \u00a0 \u00a00543 368 2203\u00a0 \/\u00a0 0442 231 5798[\/vc_column_text]<\/div><\/div><\/div>[\/vc_column][vc_column width=&#8221;1\/4&#8243;]<div class=\"porto-feature-box wpb_content_element  mb-0\"><div class=\"feature-box feature-box-primary feature-box-style-2\"><div class=\"feature-box-icon feature-box-icon-primary\"><i class=\"Simple-Line-Icons-envelope\" style=\"font-size:27px\"><\/i><\/div><div class=\"feature-box-info\">[vc_custom_heading text=&#8221;E-Posta&#8221; font_container=&#8221;tag:h4|font_size:20|text_align:left&#8221; use_theme_fonts=&#8221;yes&#8221; el_class=&#8221;m-b-sm font-weight-normal&#8221;][vc_column_text el_class=&#8221;font-size-lg&#8221;]<\/p>\n<p class=\"font-size-lg\">hemegkongre2019@hotmail.com<\/p>\n<p>[\/vc_column_text]<\/div><\/div><\/div>[\/vc_column][\/vc_row][vc_row][vc_column][vc_separator color=&#8221;custom&#8221; style=&#8221;solid&#8221; gap=&#8221;tall&#8221; el_class=&#8221;m-t-sm&#8221;][\/vc_column][\/vc_row][vc_row][vc_column][vc_gmaps link=&#8221;#E-8_JTNDaWZyYW1lJTIwc3JjJTNEJTIyaHR0cHMlM0ElMkYlMkZ3d3cuZ29vZ2xlLmNvbSUyRm1hcHMlMkZlbWJlZCUzRnBiJTNEJTIxMW0xNCUyMTFtOCUyMTFtMyUyMTFkMzUyNi4yNjk3NzQ2OTMyMTEzJTIxMmQ0MS4yNDkzMjI5NTYxOTIzNyUyMTNkMzkuODk3OTAzMjE2NDc2NDglMjEzbTIlMjExaTEwMjQlMjEyaTc2OCUyMTRmMTMuMSUyMTNtMyUyMTFtMiUyMTFzMHg0MDZlNWVlMzkwNjM5NzJiJTI1M0EweDgwYmYyOTJmNDVlNWQzN2QlMjEyc05lbmVoYXR1biUyQkslMjVDMyUyNUJDbHQlMjVDMyUyNUJDciUyQk1lcmtlemklMjE1ZTAlMjEzbTIlMjExc3RyJTIxMnN0ciUyMTR2MTU1OTA0ODU0NTkzOCUyMTVtMiUyMTFzdHIlMjEyc3RyJTIyJTIwd2lkdGglM0QlMjI2MDAlMjIlMjBoZWlnaHQlM0QlMjI0NTAlMjIlMjBmcmFtZWJvcmRlciUzRCUyMjAlMjIlMjBzdHlsZSUzRCUyMmJvcmRlciUzQTAlMjIlMjBhbGxvd2Z1bGxzY3JlZW4lM0UlM0MlMkZpZnJhbWUlM0U=&#8221;][\/vc_column][\/vc_row][vc_row][vc_column][vc_column_text][\/vc_column_text][\/vc_column][\/vc_row]<\/p>\n","protected":false},"excerpt":{"rendered":"<p>[vc_row][vc_column width=&#8221;1\/4&#8243;][\/vc_column][vc_column width=&#8221;1\/2&#8243;][\/vc_column][vc_column width=&#8221;1\/4&#8243;][\/vc_column][\/vc_row][vc_row][vc_column][vc_separator color=&#8221;custom&#8221; style=&#8221;solid&#8221; gap=&#8221;tall&#8221; el_class=&#8221;m-t-sm&#8221;][\/vc_column][\/vc_row][vc_row][vc_column][vc_gmaps link=&#8221;#E-8_JTNDaWZyYW1lJTIwc3JjJTNEJTIyaHR0cHMlM0ElMkYlMkZ3d3cuZ29vZ2xlLmNvbSUyRm1hcHMlMkZlbWJlZCUzRnBiJTNEJTIxMW0xNCUyMTFtOCUyMTFtMyUyMTFkMzUyNi4yNjk3NzQ2OTMyMTEzJTIxMmQ0MS4yNDkzMjI5NTYxOTIzNyUyMTNkMzkuODk3OTAzMjE2NDc2NDglMjEzbTIlMjExaTEwMjQlMjEyaTc2OCUyMTRmMTMuMSUyMTNtMyUyMTFtMiUyMTFzMHg0MDZlNWVlMzkwNjM5NzJiJTI1M0EweDgwYmYyOTJmNDVlNWQzN2QlMjEyc05lbmVoYXR1biUyQkslMjVDMyUyNUJDbHQlMjVDMyUyNUJDciUyQk1lcmtlemklMjE1ZTAlMjEzbTIlMjExc3RyJTIxMnN0ciUyMTR2MTU1OTA0ODU0NTkzOCUyMTVtMiUyMTFzdHIlMjEyc3RyJTIyJTIwd2lkdGglM0QlMjI2MDAlMjIlMjBoZWlnaHQlM0QlMjI0NTAlMjIlMjBmcmFtZWJvcmRlciUzRCUyMjAlMjIlMjBzdHlsZSUzRCUyMmJvcmRlciUzQTAlMjIlMjBhbGxvd2Z1bGxzY3JlZW4lM0UlM0MlMkZpZnJhbWUlM0U=&#8221;][\/vc_column][\/vc_row][vc_row][vc_column][vc_column_text][\/vc_column_text][\/vc_column][\/vc_row]<\/p>\n","protected":false},"author":1,"featured_media":0,"parent":0,"menu_order":0,"comment_status":"closed","ping_status":"closed","template":"","meta":{"footnotes":""},"class_list":["post-3784","page","type-page","status-publish","hentry"],"_links":{"self":[{"href":"https:\/\/hemegkongre2019.atauni.edu.tr\/index.php\/wp-json\/wp\/v2\/pages\/3784","targetHints":{"allow":["GET"]}}],"collection":[{"href":"https:\/\/hemegkongre2019.atauni.edu.tr\/index.php\/wp-json\/wp\/v2\/pages"}],"about":[{"href":"https:\/\/hemegkongre2019.atauni.edu.tr\/index.php\/wp-json\/wp\/v2\/types\/page"}],"author":[{"embeddable":true,"href":"https:\/\/hemegkongre2019.atauni.edu.tr\/index.php\/wp-json\/wp\/v2\/users\/1"}],"replies":[{"embeddable":true,"href":"https:\/\/hemegkongre2019.atauni.edu.tr\/index.php\/wp-json\/wp\/v2\/comments?post=3784"}],"version-history":[{"count":13,"href":"https:\/\/hemegkongre2019.atauni.edu.tr\/index.php\/wp-json\/wp\/v2\/pages\/3784\/revisions"}],"predecessor-version":[{"id":4286,"href":"https:\/\/hemegkongre2019.atauni.edu.tr\/index.php\/wp-json\/wp\/v2\/pages\/3784\/revisions\/4286"}],"wp:attachment":[{"href":"https:\/\/hemegkongre2019.atauni.edu.tr\/index.php\/wp-json\/wp\/v2\/media?parent=3784"}],"curies":[{"name":"wp","href":"https:\/\/api.w.org\/{rel}","templated":true}]}}