{"id":3680,"date":"2019-05-24T16:16:09","date_gmt":"2019-05-24T13:16:09","guid":{"rendered":"https:\/\/hemegkongre2019.atauni.edu.tr\/en\/?page_id=3680"},"modified":"2019-10-19T12:12:56","modified_gmt":"2019-10-19T09:12:56","slug":"social-program","status":"publish","type":"page","link":"https:\/\/hemegkongre2019.atauni.edu.tr\/index.php\/social-program\/","title":{"rendered":"Otomatik taslak"},"content":{"rendered":"<p>yap\u0131m a\u015famas\u0131ndad\u0131r&#8230;<\/p>\n","protected":false},"excerpt":{"rendered":"<p>yap\u0131m a\u015famas\u0131ndad\u0131r&#8230;<\/p>\n","protected":false},"author":1,"featured_media":0,"parent":0,"menu_order":0,"comment_status":"closed","ping_status":"closed","template":"","meta":{"footnotes":""},"class_list":["post-3680","page","type-page","status-publish","hentry"],"_links":{"self":[{"href":"https:\/\/hemegkongre2019.atauni.edu.tr\/index.php\/wp-json\/wp\/v2\/pages\/3680","targetHints":{"allow":["GET"]}}],"collection":[{"href":"https:\/\/hemegkongre2019.atauni.edu.tr\/index.php\/wp-json\/wp\/v2\/pages"}],"about":[{"href":"https:\/\/hemegkongre2019.atauni.edu.tr\/index.php\/wp-json\/wp\/v2\/types\/page"}],"author":[{"embeddable":true,"href":"https:\/\/hemegkongre2019.atauni.edu.tr\/index.php\/wp-json\/wp\/v2\/users\/1"}],"replies":[{"embeddable":true,"href":"https:\/\/hemegkongre2019.atauni.edu.tr\/index.php\/wp-json\/wp\/v2\/comments?post=3680"}],"version-history":[{"count":5,"href":"https:\/\/hemegkongre2019.atauni.edu.tr\/index.php\/wp-json\/wp\/v2\/pages\/3680\/revisions"}],"predecessor-version":[{"id":4244,"href":"https:\/\/hemegkongre2019.atauni.edu.tr\/index.php\/wp-json\/wp\/v2\/pages\/3680\/revisions\/4244"}],"wp:attachment":[{"href":"https:\/\/hemegkongre2019.atauni.edu.tr\/index.php\/wp-json\/wp\/v2\/media?parent=3680"}],"curies":[{"name":"wp","href":"https:\/\/api.w.org\/{rel}","templated":true}]}}