{"id":3403,"date":"2018-12-11T06:48:47","date_gmt":"2018-12-11T06:48:47","guid":{"rendered":"https:\/\/rstheme.com\/products\/wordpress\/finoptis\/medical\/?page_id=3403"},"modified":"2019-09-03T10:57:09","modified_gmt":"2019-09-03T07:57:09","slug":"appoinment","status":"publish","type":"page","link":"https:\/\/hemegkongre2019.atauni.edu.tr\/index.php\/appoinment\/","title":{"rendered":"\u00d6nemli Tarihler"},"content":{"rendered":"<p>[vc_row el_id=&#8221;rs-contact&#8221; css=&#8221;.vc_custom_1543840983283{padding-top: 94px !important;padding-bottom: 36px !important;}&#8221;][vc_column][vc_column_text]<\/p>\n<h5><strong>\u00d6nemli Tarihler<\/strong><\/h5>\n<table style=\"border-color: black; width: 586px; height: 298px;\" border=\"1\" cellspacing=\"0\" cellpadding=\"0\">\n<tbody>\n<tr>\n<td style=\"width: 282px;\">\n<h5><strong>Kongre Tarihi<\/strong><\/h5>\n<\/td>\n<td style=\"width: 288px;\">\n<h5><strong>24-26 Ekim 2019<\/strong><\/h5>\n<\/td>\n<\/tr>\n<tr>\n<td style=\"width: 282px;\">\n<h5><strong>Kurslar<\/strong><\/h5>\n<\/td>\n<td style=\"width: 288px;\">\n<h5><strong><span style=\"font-family: inherit; font-size: inherit;\">23 Ekim 2019 (13:00-17:00)<\/span><\/strong><\/h5>\n<\/td>\n<\/tr>\n<tr>\n<td style=\"width: 282px;\">\n<h5><strong>Kongre Kay\u0131t<\/strong><\/h5>\n<\/td>\n<td style=\"width: 288px;\">\n<h5><strong>16 Temmuz- 24 Ekim 2019<\/strong><\/h5>\n<\/td>\n<\/tr>\n<tr>\n<td style=\"width: 282px;\">\n<h5><strong>Erken Kay\u0131t<\/strong><\/h5>\n<\/td>\n<td style=\"width: 288px;\">\n<h5><strong><span style=\"font-family: inherit; font-size: inherit;\">16 Temmuz &#8211; 1 Eyl\u00fcl 2019<\/span><\/strong><\/h5>\n<\/td>\n<\/tr>\n<tr>\n<td style=\"width: 282px;\">\n<h5><strong>Bildiri G\u00f6nderim Tarihleri<\/strong><\/h5>\n<\/td>\n<td style=\"width: 288px;\">\n<h5><strong>16 Temmuz &#8211; 16 Ekim 2019<\/strong><\/h5>\n<\/td>\n<\/tr>\n<tr>\n<td style=\"width: 282px;\">\n<h5><strong>Tam Metin Bildiri G\u00f6nderme<\/strong><\/h5>\n<\/td>\n<td style=\"width: 288px;\">\n<h5><strong>3 Kas\u0131m 2019\u2019a kadar<\/strong><\/h5>\n<\/td>\n<\/tr>\n<\/tbody>\n<\/table>\n<h5><\/h5>\n<p>[\/vc_column_text][\/vc_column][\/vc_row]<\/p>\n","protected":false},"excerpt":{"rendered":"<p>[vc_row el_id=&#8221;rs-contact&#8221; css=&#8221;.vc_custom_1543840983283{padding-top: 94px !important;padding-bottom: 36px !important;}&#8221;][vc_column][vc_column_text] \u00d6nemli Tarihler Kongre Tarihi 24-26 Ekim 2019 Kurslar 23 Ekim 2019 (13:00-17:00) Kongre Kay\u0131t 16 Temmuz- 24 Ekim 2019 Erken Kay\u0131t 16 Temmuz &#8211; 1 Eyl\u00fcl 2019 Bildiri G\u00f6nderim Tarihleri 16 Temmuz &#8211; 16 Ekim 2019 Tam Metin Bildiri G\u00f6nderme 3 Kas\u0131m 2019\u2019a kadar [\/vc_column_text][\/vc_column][\/vc_row]<\/p>\n","protected":false},"author":1,"featured_media":0,"parent":0,"menu_order":0,"comment_status":"closed","ping_status":"closed","template":"","meta":{"footnotes":""},"class_list":["post-3403","page","type-page","status-publish","hentry"],"_links":{"self":[{"href":"https:\/\/hemegkongre2019.atauni.edu.tr\/index.php\/wp-json\/wp\/v2\/pages\/3403","targetHints":{"allow":["GET"]}}],"collection":[{"href":"https:\/\/hemegkongre2019.atauni.edu.tr\/index.php\/wp-json\/wp\/v2\/pages"}],"about":[{"href":"https:\/\/hemegkongre2019.atauni.edu.tr\/index.php\/wp-json\/wp\/v2\/types\/page"}],"author":[{"embeddable":true,"href":"https:\/\/hemegkongre2019.atauni.edu.tr\/index.php\/wp-json\/wp\/v2\/users\/1"}],"replies":[{"embeddable":true,"href":"https:\/\/hemegkongre2019.atauni.edu.tr\/index.php\/wp-json\/wp\/v2\/comments?post=3403"}],"version-history":[{"count":8,"href":"https:\/\/hemegkongre2019.atauni.edu.tr\/index.php\/wp-json\/wp\/v2\/pages\/3403\/revisions"}],"predecessor-version":[{"id":4256,"href":"https:\/\/hemegkongre2019.atauni.edu.tr\/index.php\/wp-json\/wp\/v2\/pages\/3403\/revisions\/4256"}],"wp:attachment":[{"href":"https:\/\/hemegkongre2019.atauni.edu.tr\/index.php\/wp-json\/wp\/v2\/media?parent=3403"}],"curies":[{"name":"wp","href":"https:\/\/api.w.org\/{rel}","templated":true}]}}