{"id":2,"date":"2017-09-27T11:04:54","date_gmt":"2017-09-27T11:04:54","guid":{"rendered":"https:\/\/hemegkongre2019.atauni.edu.tr\/?page_id=2"},"modified":"2019-09-03T17:08:19","modified_gmt":"2019-09-03T14:08:19","slug":"sample-page-2","status":"publish","type":"page","link":"https:\/\/hemegkongre2019.atauni.edu.tr\/index.php\/sample-page-2\/","title":{"rendered":"Genel Bilgiler"},"content":{"rendered":"<p>[vc_row][vc_column][vc_column_text]<strong>Kongrenin Ana Temalar\u0131<\/strong><\/p>\n<ul>\n<li>Hem\u015firelik E\u011fitiminde Kalite<\/li>\n<li>Hem\u015firelik E\u011fitiminde Teknoloji<\/li>\n<li>Hem\u015firelikte S\u00fcrekli E\u011fitim<\/li>\n<li>Hem\u015firelik E\u011fitiminde Etik<\/li>\n<li>Hem\u015firelikte Yeni Neslin E\u011fitimi<\/li>\n<\/ul>\n<p><strong>\u00a0<\/strong><\/p>\n<p><strong>\u0130\u015f Birlikleri\u00a0 \u00a0 \u00a0 \u00a0 \u00a0 \u00a0 <\/strong><\/p>\n<p><strong>\u00a0 \u00a0<\/strong><strong><img loading=\"lazy\" decoding=\"async\" class=\"alignnone wp-image-4264 size-full\" src=\"https:\/\/hemegkongre2019.atauni.edu.tr\/wp-content\/uploads\/2019\/09\/Ekran-Al\u0131nt\u0131s\u0131ccccccccccc.png\" alt=\"\" width=\"795\" height=\"116\" \/><\/strong><\/p>\n<p><strong>Kongrenin Tarihi\u00a0\u00a0\u00a0 :\u00a0<\/strong>24- 26 Ekim 2019<br \/>\n<strong>Kurslar\u00a0\u00a0\u00a0\u00a0\u00a0\u00a0\u00a0\u00a0\u00a0\u00a0\u00a0\u00a0\u00a0\u00a0\u00a0\u00a0\u00a0\u00a0\u00a0\u00a0\u00a0 : <\/strong>23 Ekim 2019 (13:00-17:00)<\/p>\n<p><strong>Kongre Merkezi\u00a0\u00a0\u00a0\u00a0\u00a0 :\u00a0<\/strong>Atat\u00fcrk \u00dcniversitesi Nenehatun K\u00fclt\u00fcr ve G\u00f6steri Merkezi<br \/>\n<strong>Kongrenin Dili\u00a0\u00a0\u00a0\u00a0\u00a0\u00a0\u00a0\u00a0 :\u00a0<\/strong>T\u00fcrk\u00e7e\u2019dir (\u0130ngilizce \u00e7eviri deste\u011fi sa\u011flanacakt\u0131r)<br \/>\n<strong>Kat\u0131l\u0131m Sertifikas\u0131\u00a0 :\u00a0<\/strong>Kongreye kay\u0131t yapt\u0131ran t\u00fcm kat\u0131l\u0131mc\u0131lara kat\u0131l\u0131m sertifikas\u0131 verilecektir.<br \/>\n<strong>Davet Mektubu\u00a0\u00a0\u00a0\u00a0\u00a0\u00a0 :\u00a0<\/strong>Kay\u0131t i\u015flemini yapt\u0131rm\u0131\u015f t\u00fcm kat\u0131l\u0131mc\u0131lara talep ederlerse davet mektubu g\u00f6nderilecektir. Bu mektup sadece kat\u0131l\u0131mc\u0131n\u0131n kurumundan izin almas\u0131na yard\u0131mc\u0131 olmak amac\u0131n\u0131 ta\u015f\u0131maktad\u0131r.<br \/>\n<strong>Sergi Alanlar\u0131\u00a0\u00a0\u00a0\u00a0\u00a0\u00a0\u00a0\u00a0\u00a0 :\u00a0<\/strong>Kongre s\u00fcresince ila\u00e7, t\u0131bbi malzeme ve kitap alanlar\u0131nda \u00fcr\u00fcn sahibi firmalar\u0131n, \u00fcr\u00fcnlerini sergileyebilmesi amac\u0131yla kongre merkezinde geni\u015f bir alan ayr\u0131lm\u0131\u015ft\u0131r.<\/p>\n<p>&nbsp;<\/p>\n<p><strong>\u00a0<\/strong><\/p>\n<p>&nbsp;<\/p>\n<p>&nbsp;[\/vc_column_text][\/vc_column][\/vc_row]<\/p>\n","protected":false},"excerpt":{"rendered":"<p>[vc_row][vc_column][vc_column_text]Kongrenin Ana Temalar\u0131 Hem\u015firelik E\u011fitiminde Kalite Hem\u015firelik E\u011fitiminde Teknoloji Hem\u015firelikte S\u00fcrekli E\u011fitim Hem\u015firelik E\u011fitiminde Etik Hem\u015firelikte Yeni Neslin E\u011fitimi \u00a0 \u0130\u015f Birlikleri\u00a0 \u00a0 \u00a0 \u00a0 \u00a0 \u00a0 \u00a0 \u00a0 Kongrenin Tarihi\u00a0\u00a0\u00a0 :\u00a024- 26 Ekim 2019 Kurslar\u00a0\u00a0\u00a0\u00a0\u00a0\u00a0\u00a0\u00a0\u00a0\u00a0\u00a0\u00a0\u00a0\u00a0\u00a0\u00a0\u00a0\u00a0\u00a0\u00a0\u00a0 : 23 Ekim 2019 (13:00-17:00) Kongre Merkezi\u00a0\u00a0\u00a0\u00a0\u00a0 :\u00a0Atat\u00fcrk \u00dcniversitesi Nenehatun K\u00fclt\u00fcr ve G\u00f6steri Merkezi Kongrenin Dili\u00a0\u00a0\u00a0\u00a0\u00a0\u00a0\u00a0\u00a0 :\u00a0T\u00fcrk\u00e7e\u2019dir (\u0130ngilizce \u00e7eviri [&hellip;]<\/p>\n","protected":false},"author":1,"featured_media":0,"parent":0,"menu_order":0,"comment_status":"closed","ping_status":"open","template":"","meta":{"footnotes":""},"class_list":["post-2","page","type-page","status-publish","hentry"],"_links":{"self":[{"href":"https:\/\/hemegkongre2019.atauni.edu.tr\/index.php\/wp-json\/wp\/v2\/pages\/2","targetHints":{"allow":["GET"]}}],"collection":[{"href":"https:\/\/hemegkongre2019.atauni.edu.tr\/index.php\/wp-json\/wp\/v2\/pages"}],"about":[{"href":"https:\/\/hemegkongre2019.atauni.edu.tr\/index.php\/wp-json\/wp\/v2\/types\/page"}],"author":[{"embeddable":true,"href":"https:\/\/hemegkongre2019.atauni.edu.tr\/index.php\/wp-json\/wp\/v2\/users\/1"}],"replies":[{"embeddable":true,"href":"https:\/\/hemegkongre2019.atauni.edu.tr\/index.php\/wp-json\/wp\/v2\/comments?post=2"}],"version-history":[{"count":9,"href":"https:\/\/hemegkongre2019.atauni.edu.tr\/index.php\/wp-json\/wp\/v2\/pages\/2\/revisions"}],"predecessor-version":[{"id":4265,"href":"https:\/\/hemegkongre2019.atauni.edu.tr\/index.php\/wp-json\/wp\/v2\/pages\/2\/revisions\/4265"}],"wp:attachment":[{"href":"https:\/\/hemegkongre2019.atauni.edu.tr\/index.php\/wp-json\/wp\/v2\/media?parent=2"}],"curies":[{"name":"wp","href":"https:\/\/api.w.org\/{rel}","templated":true}]}}