{"id":145,"date":"2016-09-26T02:08:58","date_gmt":"2016-09-25T23:08:58","guid":{"rendered":"http:\/\/sw-themes.com\/porto_dummy\/?page_id=8"},"modified":"2019-10-23T16:41:42","modified_gmt":"2019-10-23T13:41:42","slug":"kayit-konaklama","status":"publish","type":"page","link":"https:\/\/hemegkongre2019.atauni.edu.tr\/index.php\/kayit-konaklama\/","title":{"rendered":"KAYIT &#038; KONAKLAMA"},"content":{"rendered":"<p>[vc_row][vc_column offset=&#8221;vc_col-md-8&#8243;][vc_custom_heading text=&#8221;&#8221; use_theme_fonts=&#8221;yes&#8221; el_class=&#8221;m-b-xs&#8221; css=&#8221;.vc_custom_1557751591493{margin-top: -10px !important;}&#8221;][vc_column_text css_animation=&#8221;bounceIn&#8221;]<\/p>\n<h3><strong>Kongre \u00dccreti<\/strong><\/h3>\n<table style=\"height: 274px;\" width=\"483\">\n<tbody>\n<tr>\n<td width=\"64\"><\/td>\n<td width=\"83\">\u00d6\u011frenci*<\/td>\n<td width=\"64\">Hem\u015fire<\/td>\n<td width=\"64\">\u00d6\u011fretim Eleman\u0131<\/td>\n<\/tr>\n<tr>\n<td width=\"64\">Erken Kay\u0131t<\/td>\n<td width=\"83\">300<\/td>\n<td width=\"64\">350<\/td>\n<td width=\"64\">400<\/td>\n<\/tr>\n<tr>\n<td width=\"64\">Normal Kay\u0131t<\/td>\n<td width=\"83\">350<\/td>\n<td width=\"64\">400<\/td>\n<td width=\"64\">450<\/td>\n<\/tr>\n<tr>\n<td width=\"64\">G\u00fcnl\u00fck Kay\u0131t**<\/td>\n<td colspan=\"3\" width=\"211\">200 TL<\/td>\n<\/tr>\n<tr>\n<td width=\"64\">Kurs \u00dccretleri<\/td>\n<td colspan=\"3\" width=\"211\">225 TL<\/td>\n<\/tr>\n<\/tbody>\n<\/table>\n<p>*Lisans \u00f6\u011frencilerine %25 indirim uygulanacakt\u0131r.<\/p>\n<p>**G\u00fcnl\u00fck kay\u0131tlarda kat\u0131l\u0131m belgesi d\u00fczenlenmemektedir.<\/p>\n<p>&nbsp;<\/p>\n<p><strong>\u00dccrete Dahil \u00d6\u011feler:<\/strong> Kongre \u00e7antas\u0131, Bildiri kitap\u00e7\u0131\u011f\u0131, ikramlar, \u00f6\u011flen yemekleri, kat\u0131l\u0131m belgeleri, yaka kart\u0131, gala yeme\u011fi ve sosyal program.<\/p>\n<p style=\"font-weight: 400;\">Kay\u0131t i\u00e7in Banka Hesap Bilgileri<\/p>\n<p style=\"font-weight: 400;\">Banka Ad\u0131 : Ziraat Bankas\u0131<\/p>\n<p style=\"font-weight: 400;\">Banka \u015eubesi : 112-Erzurum<\/p>\n<p>Hesap Sahibi :Atat\u00fcrk \u00dcniversitesi Rekt\u00f6rl\u00fc\u011f\u00fc Kurumsal ileti\u015fim Direkt\u00f6rl\u00fc\u011f\u00fc<\/p>\n<p style=\"font-weight: 400;\">IBAN =Kongre Kay\u0131t masas\u0131nda \u00d6deyiniz.<\/p>\n<p>Not:\u00a0 L\u00fctfen kay\u0131t i\u015fleminin tamamlanabilmesi i\u00e7in kongre kat\u0131l\u0131m \u00fccretini yat\u0131rd\u0131\u011f\u0131n\u0131za dair banka dekontunu <a href=\"mailto:hemegkongre2019@hotmail.com\">hemegkongre2019@hotmail.com<\/a> adresine e-mail ortam\u0131nda g\u00f6nderiniz.Dekont \u00fczerine veya a\u00e7\u0131klama k\u0131sm\u0131na kat\u0131l\u0131mc\u0131n\u0131n ad\u0131n\u0131n yaz\u0131l\u0131 olmas\u0131na dikkat ediniz.\u0130ndirimli kay\u0131tlardan faydalanmak isteyen kat\u0131l\u0131mc\u0131lar\u0131m\u0131z (\u00f6\u011frenciler gibi) kan\u0131tlay\u0131c\u0131 belgeyi dekontla birlikte mail olarak g\u00f6ndermelidirler.Hem kurs, hem kongre kat\u0131l\u0131m\u0131n\u0131n birlikte olmas\u0131 durumunda kurs ve kongre kat\u0131l\u0131m \u00fccretleri ayr\u0131 dekontlar olarak sisteme y\u00fcklenmelidir.<\/p>\n<p style=\"font-weight: 400;\">Bu bilgilerin eksikli\u011finden do\u011facak sorunlar i\u00e7in sorumluluk kabul edilmez.<\/p>\n<h4>\u0130ptal Ko\u015fullar\u0131<\/h4>\n<p>* \u0130ptal talepleri yaz\u0131l\u0131 olarak bildirilmelidir.<\/p>\n<p>* 25 Eyl\u00fcl 2019 tarihine kadar bildirilen iptallerde \u00fccretin tamam\u0131 iade edilecektir.<\/p>\n<p>* 25 Eyl\u00fcl 2019\u2019dan sonra yap\u0131lacak iptallerde iade yap\u0131lamaz. Ancak isim de\u011fi\u015fikli\u011fi kabul edilecektir.<\/p>\n<p>Kongre misafirleri i\u00e7in \u00f6neriler:<\/p>\n<table width=\"0\">\n<tbody>\n<tr>\n<td width=\"244\"><strong>KONAKLANILACAK YER<\/strong><\/td>\n<td width=\"155\"><strong>ADRES<\/strong><\/td>\n<td width=\"135\"><strong>KONGRE ALANINA UZAKLIK<\/strong><\/td>\n<td width=\"107\"><strong>\u0130LET\u0130\u015e\u0130M<\/strong><\/td>\n<\/tr>\n<tr>\n<td width=\"244\">ATAT\u00dcRK \u00dcN\u0130VERS\u0130TES\u0130 KONUKEV\u0130-1<\/td>\n<td width=\"155\">Atat\u00fcrk, Atat\u00fcrk \u00dcnv. No:38, 25240 Yakutiye\/Erzurum<\/td>\n<td width=\"135\">Kongre alan\u0131na Y\u00fcr\u00fcyerek 8 dk<\/td>\n<td width=\"107\">0442 231 12 00<\/td>\n<\/tr>\n<tr>\n<td width=\"244\">ATAT\u00dcRK \u00dcN\u0130VERS\u0130TES\u0130 KONUKEV\u0130-2<\/td>\n<td width=\"155\">Atat\u00fcrk, Atat\u00fcrk \u00dcnv. No:79, 25240 Yakutiye\/Erzurum<\/td>\n<td width=\"135\">Kongre alan\u0131na Y\u00fcr\u00fcyerek 7 dk<\/td>\n<td width=\"107\">0442 231 12 00<\/td>\n<\/tr>\n<tr>\n<td width=\"244\">ATAT\u00dcRK \u00dcN\u0130VERS\u0130TES\u0130 KONUKEV\u0130-3<\/td>\n<td width=\"155\">Atalar, Mecidiye Sk. No:17, 25100 Yakutiye\/Erzurum<\/td>\n<td width=\"135\">Kongre alan\u0131na uzakl\u0131k ara\u00e7la 7 dakika<\/td>\n<td width=\"107\">0442 231 12 00<\/td>\n<\/tr>\n<tr>\n<td width=\"244\">ATAT\u00dcRK \u00dcN\u0130VERS\u0130TES\u0130 TUR\u0130ZM FAK\u00dcLTES\u0130 UYGULAMA OTEL\u0130<\/td>\n<td width=\"155\">Atat\u00fcrk \u00dcniversitesi Kamp\u00fcs\u00fc Arastirma Hastanesi \u00dcst\u00fc, Yakutiye\/Erzurum<\/td>\n<td width=\"135\">Kongre alan\u0131na uzakl\u0131k ara\u00e7la 5 dakika<\/td>\n<td width=\"107\">0442 344 74 94<\/td>\n<\/tr>\n<tr>\n<td width=\"244\">ERZURUM \u00d6\u011eRETMEN EV\u0130<\/td>\n<td width=\"155\">Lalapa\u015fa, \u00c7aykara Cd., 25100 Yakutiye\/Erzurum<\/td>\n<td width=\"135\">Kongre alan\u0131na uzakl\u0131k ara\u00e7la 7 dakika<\/td>\n<td width=\"107\">0442 235 45 25<\/td>\n<\/tr>\n<tr>\n<td width=\"244\">ERZURUM POL\u0130S EV\u0130<\/td>\n<td width=\"155\">Cumhuriyet Caddesi P.T.T. kar\u015f\u0131s\u0131\/Erzurum<\/td>\n<td width=\"135\">Kongre alan\u0131na uzakl\u0131k ara\u00e7la 7 dakika<\/td>\n<td width=\"107\">0442 234 29 51<\/td>\n<\/tr>\n<tr>\n<td width=\"244\">ERZURUM DEVLET SU \u0130\u015eLER\u0130 M\u0130SAF\u0130RHANES\u0130<\/td>\n<td width=\"155\">Kaz\u0131m Karabekir Mah. Orgeneral Demircio\u011flu Cad. Yakutiye\/Erzurum<\/td>\n<td width=\"135\">Kongre alan\u0131na uzakl\u0131k ara\u00e7la 5 dakika<\/td>\n<td width=\"107\">0442 233 15 05<\/td>\n<\/tr>\n<tr>\n<td width=\"244\">\n<p>POLAT ERZURUM RESORT HOTEL*<\/p>\n<p><a href=\"https:\/\/polaterzurumresorthotel.com\/\">https:\/\/polaterzurumresorthotel.com\/<\/a><\/p>\n<p>Single oda:200, Double oda 300 TL olarak \u00f6zel fiyat uygulanacakt\u0131r.<\/td>\n<td width=\"155\">Palan D\u00f6ken Kayak Merkezi, Paland\u00f6ken Yolu, 25000 Paland\u00f6ken\/Erzurum<\/td>\n<td width=\"135\">Kongre alan\u0131na uzakl\u0131k ara\u00e7la 17 dakika<\/td>\n<td width=\"107\">0442 232 00 10<\/td>\n<\/tr>\n<tr>\n<td width=\"244\">SWAY HOTELS<\/td>\n<td width=\"155\">K\u00fcmeevler, Kayak Yolu, 25080 Paland\u00f6ken<\/td>\n<td width=\"135\">Kongre alan\u0131na uzakl\u0131k ara\u00e7la 17 dakika<\/td>\n<td width=\"107\">0442 230 30 30<\/td>\n<\/tr>\n<tr>\n<td width=\"244\">DEDEMAN PALAND\u00d6KEN OTEL<\/td>\n<td width=\"155\">Palan D\u00f6ken Kayak Merkezi, Paland\u00f6ken Yolu, 25000 Paland\u00f6ken\/Erzurum<\/td>\n<td width=\"135\">Kongre alan\u0131na uzakl\u0131k ara\u00e7la 20 dakika<\/td>\n<td width=\"107\">0442 316 24 14<\/td>\n<\/tr>\n<\/tbody>\n<\/table>\n<p>[\/vc_column_text][\/vc_column][\/vc_row][vc_row][vc_column][\/vc_column][\/vc_row]<\/p>\n","protected":false},"excerpt":{"rendered":"<p>[vc_row][vc_column offset=&#8221;vc_col-md-8&#8243;][vc_custom_heading text=&#8221;&#8221; use_theme_fonts=&#8221;yes&#8221; el_class=&#8221;m-b-xs&#8221; css=&#8221;.vc_custom_1557751591493{margin-top: -10px !important;}&#8221;][vc_column_text css_animation=&#8221;bounceIn&#8221;] Kongre \u00dccreti \u00d6\u011frenci* Hem\u015fire \u00d6\u011fretim Eleman\u0131 Erken Kay\u0131t 300 350 400 Normal Kay\u0131t 350 400 450 G\u00fcnl\u00fck Kay\u0131t** 200 TL Kurs \u00dccretleri 225 TL *Lisans \u00f6\u011frencilerine %25 indirim uygulanacakt\u0131r. **G\u00fcnl\u00fck kay\u0131tlarda kat\u0131l\u0131m belgesi d\u00fczenlenmemektedir. &nbsp; \u00dccrete Dahil \u00d6\u011feler: Kongre \u00e7antas\u0131, Bildiri kitap\u00e7\u0131\u011f\u0131, ikramlar, \u00f6\u011flen yemekleri, kat\u0131l\u0131m [&hellip;]<\/p>\n","protected":false},"author":1,"featured_media":0,"parent":0,"menu_order":0,"comment_status":"closed","ping_status":"closed","template":"","meta":{"footnotes":""},"class_list":["post-145","page","type-page","status-publish","hentry"],"_links":{"self":[{"href":"https:\/\/hemegkongre2019.atauni.edu.tr\/index.php\/wp-json\/wp\/v2\/pages\/145","targetHints":{"allow":["GET"]}}],"collection":[{"href":"https:\/\/hemegkongre2019.atauni.edu.tr\/index.php\/wp-json\/wp\/v2\/pages"}],"about":[{"href":"https:\/\/hemegkongre2019.atauni.edu.tr\/index.php\/wp-json\/wp\/v2\/types\/page"}],"author":[{"embeddable":true,"href":"https:\/\/hemegkongre2019.atauni.edu.tr\/index.php\/wp-json\/wp\/v2\/users\/1"}],"replies":[{"embeddable":true,"href":"https:\/\/hemegkongre2019.atauni.edu.tr\/index.php\/wp-json\/wp\/v2\/comments?post=145"}],"version-history":[{"count":52,"href":"https:\/\/hemegkongre2019.atauni.edu.tr\/index.php\/wp-json\/wp\/v2\/pages\/145\/revisions"}],"predecessor-version":[{"id":4548,"href":"https:\/\/hemegkongre2019.atauni.edu.tr\/index.php\/wp-json\/wp\/v2\/pages\/145\/revisions\/4548"}],"wp:attachment":[{"href":"https:\/\/hemegkongre2019.atauni.edu.tr\/index.php\/wp-json\/wp\/v2\/media?parent=145"}],"curies":[{"name":"wp","href":"https:\/\/api.w.org\/{rel}","templated":true}]}}