{"id":144,"date":"2016-09-24T01:55:27","date_gmt":"2016-09-24T01:55:27","guid":{"rendered":"http:\/\/sw-themes.com\/porto_dummy\/?page_id=7"},"modified":"2019-10-17T16:36:58","modified_gmt":"2019-10-17T13:36:58","slug":"resources","status":"publish","type":"page","link":"https:\/\/hemegkongre2019.atauni.edu.tr\/index.php\/resources\/","title":{"rendered":"Sosyal Program"},"content":{"rendered":"<p>[vc_row][vc_column css=&#8221;.vc_custom_1563781294218{padding-left: 100px !important;}&#8221;][vc_column_text]Gala yeme\u011fi 24 Ekim 2019 tarihi ak\u015fam\u0131 POLAT ERZURUM RESORT HOTEL\u2019de d\u00fczenlenecektir.<\/p>\n<p>26 Ekim 13:30 \u2013 17:00 saatleri aras\u0131nda Erzurum \u015eehri tarihi yerler gezisi yap\u0131lacakt\u0131r.<\/p>\n<ul>\n<li>Yakutiye Medresesi<\/li>\n<li>Lalapa\u015fa Camii<\/li>\n<li>\u00c7ifte Minerali Medrese<\/li>\n<li>Ulu Camii<\/li>\n<li>\u00dc\u00e7 K\u00fcmbetler<\/li>\n<li>Erzurum Kalesi<\/li>\n<li>R\u00fcstempa\u015fa Bedesteni (Ta\u015fhan)<\/li>\n<li>Tarihi Erzurum Evleri<\/li>\n<li>Erzurum Kongre Binas\u0131<\/li>\n<li>Aziziye Tabyas\u0131<\/li>\n<li>Paland\u00f6ken Kayak Tesisleri<\/li>\n<\/ul>\n<p>[\/vc_column_text][\/vc_column][\/vc_row]<\/p>\n","protected":false},"excerpt":{"rendered":"<p>[vc_row][vc_column css=&#8221;.vc_custom_1563781294218{padding-left: 100px !important;}&#8221;][vc_column_text]Gala yeme\u011fi 24 Ekim 2019 tarihi ak\u015fam\u0131 POLAT ERZURUM RESORT HOTEL\u2019de d\u00fczenlenecektir. 26 Ekim 13:30 \u2013 17:00 saatleri aras\u0131nda Erzurum \u015eehri tarihi yerler gezisi yap\u0131lacakt\u0131r. Yakutiye Medresesi Lalapa\u015fa Camii \u00c7ifte Minerali Medrese Ulu Camii \u00dc\u00e7 K\u00fcmbetler Erzurum Kalesi R\u00fcstempa\u015fa Bedesteni (Ta\u015fhan) Tarihi Erzurum Evleri Erzurum Kongre Binas\u0131 Aziziye Tabyas\u0131 Paland\u00f6ken Kayak Tesisleri [&hellip;]<\/p>\n","protected":false},"author":1,"featured_media":0,"parent":0,"menu_order":0,"comment_status":"closed","ping_status":"closed","template":"","meta":{"footnotes":""},"class_list":["post-144","page","type-page","status-publish","hentry"],"_links":{"self":[{"href":"https:\/\/hemegkongre2019.atauni.edu.tr\/index.php\/wp-json\/wp\/v2\/pages\/144","targetHints":{"allow":["GET"]}}],"collection":[{"href":"https:\/\/hemegkongre2019.atauni.edu.tr\/index.php\/wp-json\/wp\/v2\/pages"}],"about":[{"href":"https:\/\/hemegkongre2019.atauni.edu.tr\/index.php\/wp-json\/wp\/v2\/types\/page"}],"author":[{"embeddable":true,"href":"https:\/\/hemegkongre2019.atauni.edu.tr\/index.php\/wp-json\/wp\/v2\/users\/1"}],"replies":[{"embeddable":true,"href":"https:\/\/hemegkongre2019.atauni.edu.tr\/index.php\/wp-json\/wp\/v2\/comments?post=144"}],"version-history":[{"count":7,"href":"https:\/\/hemegkongre2019.atauni.edu.tr\/index.php\/wp-json\/wp\/v2\/pages\/144\/revisions"}],"predecessor-version":[{"id":4437,"href":"https:\/\/hemegkongre2019.atauni.edu.tr\/index.php\/wp-json\/wp\/v2\/pages\/144\/revisions\/4437"}],"wp:attachment":[{"href":"https:\/\/hemegkongre2019.atauni.edu.tr\/index.php\/wp-json\/wp\/v2\/media?parent=144"}],"curies":[{"name":"wp","href":"https:\/\/api.w.org\/{rel}","templated":true}]}}