{"id":143,"date":"2016-09-24T01:55:05","date_gmt":"2016-09-24T01:55:05","guid":{"rendered":"http:\/\/sw-themes.com\/porto_dummy\/?page_id=143"},"modified":"2020-01-15T12:40:15","modified_gmt":"2020-01-15T09:40:15","slug":"home","status":"publish","type":"page","link":"https:\/\/hemegkongre2019.atauni.edu.tr\/","title":{"rendered":"Anasayfa"},"content":{"rendered":"<p>[vc_row][vc_column][vc_single_image image=&#8221;4281&#8243; img_size=&#8221;1633&#215;523&#8243; alignment=&#8221;center&#8221; lightbox=&#8221;yes&#8221; css=&#8221;.vc_custom_1568191707471{margin-bottom: 40px !important;}&#8221;][\/vc_column][\/vc_row][vc_row wrap_container=&#8221;yes&#8221; css=&#8221;.vc_custom_1563006010283{margin-top: -50px !important;}&#8221;][vc_column width=&#8221;1\/3&#8243; css=&#8221;.vc_custom_1563263724280{background-image: url(https:\/\/hemegkongre2019.atauni.edu.tr\/wp-content\/uploads\/2018\/11\/testimonialbg.jpg?id=1494) !important;background-position: center !important;background-repeat: no-repeat !important;background-size: contain !important;}&#8221; offset=&#8221;vc_hidden-sm vc_hidden-xs&#8221;][vc_empty_space height=&#8221;18px&#8221;][vc_empty_space height=&#8221;18px&#8221;][vc_empty_space height=&#8221;18px&#8221;][vc_custom_heading text=&#8221;Kongre Kay\u0131t&#8221; font_container=&#8221;tag:h4|font_size:25|text_align:center|color:%23ffffff&#8221; google_fonts=&#8221;font_family:Open%20Sans%3A300%2C300italic%2Cregular%2Citalic%2C600%2C600italic%2C700%2C700italic%2C800%2C800italic|font_style:600%20bold%20regular%3A600%3Anormal&#8221; text_transform=&#8221;text-uppercase&#8221; link=&#8221;url:https%3A%2F%2Fhemegkongre2019.atauni.edu.tr%2Findex.php%2Fkayit-konaklama%2F|title:KAYIT%20%26%20KONAKLAMA|target:%20_blank|&#8221;][vc_empty_space][\/vc_column][vc_column width=&#8221;1\/3&#8243; css=&#8221;.vc_custom_1563263732103{background-image: url(https:\/\/hemegkongre2019.atauni.edu.tr\/wp-content\/uploads\/2018\/11\/testimonialbg.jpg?id=1494) !important;background-position: center !important;background-repeat: no-repeat !important;background-size: contain !important;}&#8221; offset=&#8221;vc_hidden-sm vc_hidden-xs&#8221;][vc_empty_space height=&#8221;18px&#8221;][vc_empty_space height=&#8221;18px&#8221;]<style>#count-down-wrap-9594 .porto_countdown-amount { font-size:25px;font-weight: 600;   color: #ffffff; } #count-down-wrap-9594 .porto_countdown-period, #count-down-wrap-9594 .porto_countdown-row:before {   color: #ffffff;font-size:15px;}<\/style><div class=\"porto_countdown   porto-cd-s2\"><div id=\"count-down-wrap-9594\"  class=\"porto_countdown-div porto_countdown-dateAndTime porto-wptz\" data-labels=\"Years,Months,Weeks,G\u00fcn,Saat,Dakika,Saniye\" data-labels2=\"Year,Month,Week,Day,Hour,Minute,Second\"  data-terminal-date=\"2019\/10\/24 16:14:17\" data-countformat=\"DHMS\" data-time-zone=\"3\" data-time-now=\"2026\/05\/14 01:00:22\"  data-tick-col=\"#ffffff\" data-tick-p-col=\"#ffffff\"  data-tick-style=\"600\"  data-tick-p-style=\"\" ><span class=\"porto_countdown-row porto_countdown-show4\"><span class=\"porto_countdown-section\"><span class=\"porto_time-mid\"><span class=\"porto_countdown-amount\">00<\/span><span class=\"porto_countdown-period\">G\u00fcn<\/span><\/span><\/span><span class=\"porto_countdown-section\"><span class=\"porto_time-mid\"><span class=\"porto_countdown-amount\">00<\/span><span class=\"porto_countdown-period\">Saat<\/span><\/span><\/span><span class=\"porto_countdown-section\"><span class=\"porto_time-mid\"><span class=\"porto_countdown-amount\">00<\/span><span class=\"porto_countdown-period\">Dakika<\/span><\/span><\/span><span class=\"porto_countdown-section\"><span class=\"porto_time-mid\"><span class=\"porto_countdown-amount\">00<\/span><span class=\"porto_countdown-period\">Saniye<\/span><\/span><\/span><\/span><\/div><\/div><script>\n\tjQuery(document).ready(function ($) {\n\t\tif (!$.fn.porto_countdown) {\n\t\t\tvar c = document.createElement(\"script\");\n\t\t\tc.src = \"\";\n\t\t\tif (!$('script[src=\"' + c.src + '\"]').length) {\n\t\t\t\tdocument.getElementsByTagName(\"body\")[0].appendChild(c);\n\t\t\t}\n\t\t\tc = document.createElement(\"script\");\n\t\t\tc.src = \"\";\n\t\t\tif (!$('script[src=\"' + c.src + '\"]').length) {\n\t\t\t\tdocument.getElementsByTagName(\"body\")[0].appendChild(c);\n\t\t\t}\n\t\t}\n\t});\n<\/script>\n[\/vc_column][vc_column width=&#8221;1\/3&#8243; css=&#8221;.vc_custom_1563263738004{background-image: url(https:\/\/hemegkongre2019.atauni.edu.tr\/wp-content\/uploads\/2018\/11\/testimonialbg.jpg?id=1494) !important;background-position: center !important;background-repeat: no-repeat !important;background-size: contain !important;}&#8221; offset=&#8221;vc_hidden-sm vc_hidden-xs&#8221;][vc_empty_space][vc_raw_html css=&#8221;.vc_custom_1568371342049{padding-left: 5px !important;}&#8221;]JTNDcCUyMCUyMHN0eWxlJTNEJTIyY29sb3IlM0ElMjNmZmZmZmYlM0IlMjIlM0UlQzQlQjBsZXRpJUM1JTlGaW0lM0MlMkZiciUzRSUwQU5lbmVoYXR1biUyMEslQzMlQkNsdCVDMyVCQ3IlMjBNZXJrZXppJTJDJTIwQXRhdCVDMyVCQ3JrJTIwJUMzJTlDbnYuJTIwTm8lM0EzOCUyQyUyMDI1MjQwJTIwWWFrdXRpeWUlMkZFcnp1cnVtJTBBRS1wb3N0YSUzQSUyMGhlbWVna29uZ3JlMjAxOSU0MGhvdG1haWwuY29tJTBBJTNDJTJGYnIlM0UlMEElM0MlMkZwJTNF[\/vc_raw_html][\/vc_column][\/vc_row][vc_row wrap_container=&#8221;yes&#8221; is_section=&#8221;yes&#8221; section_skin=&#8221;parallax&#8221; remove_margin_top=&#8221;yes&#8221; remove_margin_bottom=&#8221;yes&#8221; remove_border=&#8221;yes&#8221; css=&#8221;.vc_custom_1569945517899{padding-bottom: 20px !important;}&#8221;][vc_column width=&#8221;2\/3&#8243; text_align=&#8221;left&#8221; offset=&#8221;vc_col-md-8&#8243;][vc_custom_heading text=&#8221;&#8221; font_container=&#8221;tag:h3|text_align:justify&#8221; use_theme_fonts=&#8221;yes&#8221; el_class=&#8221;m-t-md m-b-xs&#8221;][vc_column_text el_class=&#8221;lead&#8221; css=&#8221;.vc_custom_1579081152603{background-color: #ffffff !important;}&#8221;]<a href=\"https:\/\/hemegkongre2019.atauni.edu.tr\/wp-content\/uploads\/2020\/01\/\u00d6ZET-VE-TAM-MET\u0130N-K\u0130TABI-1.pdf\">\u00d6ZET VE TAM MET\u0130N K\u0130TABI<\/a>[\/vc_column_text][\/vc_column][vc_column width=&#8221;1\/3&#8243;][vc_column_text]<\/p>\n<h2 style=\"text-align: center;\"><strong>Anadolu Hem\u015firelik ve Sa\u011fl\u0131k Bilimleri Dergisi \u00f6zel say\u0131s\u0131nda 2020 y\u0131l\u0131nda\u00a0makalenizin yay\u0131nlanabilmesi i\u00e7in dergi sistemine kurallara uygun bir \u015fekilde makalenizi\u00a0y\u00fckledikten sonra Edit\u00f6re mektup k\u0131sm\u0131na &#8220;Paland\u00f6ken Uluslararas\u0131 Hem\u015firelikte E\u011fitim Kongresinde sunulmu\u015ftur&#8221; \u015feklinde not yaz\u0131n\u0131z. Ayr\u0131ca\u00a0 &#8220;<a href=\"mailto:hyodergi@atauni.edu.tr\" target=\"_blank\" rel=\"noopener noreferrer\">hyodergi@atauni.edu.tr<\/a>&#8221; mail adresine &#8220;dergi taraf\u0131ndan makalenize atanm\u0131\u015f olan numaray\u0131 ve Paland\u00f6ken Uluslararas\u0131 Hem\u015firelikte E\u011fitim Kongresinde sunulmu\u015ftur&#8221; yaz\u0131s\u0131n\u0131 mail at\u0131n\u0131z.<\/strong><\/h2>\n<p>[\/vc_column_text][\/vc_column][\/vc_row]<\/p>\n","protected":false},"excerpt":{"rendered":"<p>[vc_row][vc_column][vc_single_image image=&#8221;4281&#8243; img_size=&#8221;1633&#215;523&#8243; alignment=&#8221;center&#8221; lightbox=&#8221;yes&#8221; css=&#8221;.vc_custom_1568191707471{margin-bottom: 40px !important;}&#8221;][\/vc_column][\/vc_row][vc_row wrap_container=&#8221;yes&#8221; css=&#8221;.vc_custom_1563006010283{margin-top: -50px !important;}&#8221;][vc_column width=&#8221;1\/3&#8243; css=&#8221;.vc_custom_1563263724280{background-image: url(https:\/\/hemegkongre2019.atauni.edu.tr\/wp-content\/uploads\/2018\/11\/testimonialbg.jpg?id=1494) !important;background-position: center !important;background-repeat: no-repeat !important;background-size: contain !important;}&#8221; offset=&#8221;vc_hidden-sm vc_hidden-xs&#8221;][vc_empty_space height=&#8221;18px&#8221;][vc_empty_space height=&#8221;18px&#8221;][vc_empty_space height=&#8221;18px&#8221;][vc_custom_heading text=&#8221;Kongre Kay\u0131t&#8221; font_container=&#8221;tag:h4|font_size:25|text_align:center|color:%23ffffff&#8221; google_fonts=&#8221;font_family:Open%20Sans%3A300%2C300italic%2Cregular%2Citalic%2C600%2C600italic%2C700%2C700italic%2C800%2C800italic|font_style:600%20bold%20regular%3A600%3Anormal&#8221; text_transform=&#8221;text-uppercase&#8221; link=&#8221;url:https%3A%2F%2Fhemegkongre2019.atauni.edu.tr%2Findex.php%2Fkayit-konaklama%2F|title:KAYIT%20%26%20KONAKLAMA|target:%20_blank|&#8221;][vc_empty_space][\/vc_column][vc_column width=&#8221;1\/3&#8243; css=&#8221;.vc_custom_1563263732103{background-image: url(https:\/\/hemegkongre2019.atauni.edu.tr\/wp-content\/uploads\/2018\/11\/testimonialbg.jpg?id=1494) !important;background-position: center !important;background-repeat: no-repeat !important;background-size: contain !important;}&#8221; offset=&#8221;vc_hidden-sm vc_hidden-xs&#8221;][vc_empty_space height=&#8221;18px&#8221;][vc_empty_space height=&#8221;18px&#8221;][\/vc_column][vc_column width=&#8221;1\/3&#8243; css=&#8221;.vc_custom_1563263738004{background-image: url(https:\/\/hemegkongre2019.atauni.edu.tr\/wp-content\/uploads\/2018\/11\/testimonialbg.jpg?id=1494) !important;background-position: center !important;background-repeat: no-repeat !important;background-size: [&hellip;]<\/p>\n","protected":false},"author":1,"featured_media":0,"parent":0,"menu_order":0,"comment_status":"closed","ping_status":"closed","template":"","meta":{"footnotes":""},"class_list":["post-143","page","type-page","status-publish","hentry"],"_links":{"self":[{"href":"https:\/\/hemegkongre2019.atauni.edu.tr\/index.php\/wp-json\/wp\/v2\/pages\/143","targetHints":{"allow":["GET"]}}],"collection":[{"href":"https:\/\/hemegkongre2019.atauni.edu.tr\/index.php\/wp-json\/wp\/v2\/pages"}],"about":[{"href":"https:\/\/hemegkongre2019.atauni.edu.tr\/index.php\/wp-json\/wp\/v2\/types\/page"}],"author":[{"embeddable":true,"href":"https:\/\/hemegkongre2019.atauni.edu.tr\/index.php\/wp-json\/wp\/v2\/users\/1"}],"replies":[{"embeddable":true,"href":"https:\/\/hemegkongre2019.atauni.edu.tr\/index.php\/wp-json\/wp\/v2\/comments?post=143"}],"version-history":[{"count":143,"href":"https:\/\/hemegkongre2019.atauni.edu.tr\/index.php\/wp-json\/wp\/v2\/pages\/143\/revisions"}],"predecessor-version":[{"id":4979,"href":"https:\/\/hemegkongre2019.atauni.edu.tr\/index.php\/wp-json\/wp\/v2\/pages\/143\/revisions\/4979"}],"wp:attachment":[{"href":"https:\/\/hemegkongre2019.atauni.edu.tr\/index.php\/wp-json\/wp\/v2\/media?parent=143"}],"curies":[{"name":"wp","href":"https:\/\/api.w.org\/{rel}","templated":true}]}}