{"id":4482,"date":"2019-10-19T12:09:16","date_gmt":"2019-10-19T09:09:16","guid":{"rendered":"https:\/\/hemegkongre2019.atauni.edu.tr\/en\/?page_id=4482"},"modified":"2019-10-23T23:16:29","modified_gmt":"2019-10-23T20:16:29","slug":"paper-program","status":"publish","type":"page","link":"https:\/\/hemegkongre2019.atauni.edu.tr\/en\/index.php\/paper-program\/","title":{"rendered":"Paper Program"},"content":{"rendered":"<p>[vc_row][vc_column][vc_column_text]<a href=\"https:\/\/hemegkongre2019.atauni.edu.tr\/wp-content\/uploads\/2019\/10\/24-Ekim-Bildiri-Program\u0131-A-SALONU-1-1.docx\">24-Ekim-Bildiri-Program\u0131-A-SALONU<\/a><\/p>\n<p><a href=\"https:\/\/hemegkongre2019.atauni.edu.tr\/wp-content\/uploads\/2019\/10\/24-Ekim-Bildiri-Program\u0131-B-SALONU-1-1.docx\">24-Ekim-Bildiri-Program\u0131-B-SALONU<\/a><\/p>\n<p><a href=\"https:\/\/hemegkongre2019.atauni.edu.tr\/wp-content\/uploads\/2019\/10\/24-Ekim-Bildiri-Program\u0131-C-SALONU-1-1.docx\">24-Ekim-Bildiri-Program\u0131-C-SALONU<\/a><\/p>\n<p><a href=\"https:\/\/hemegkongre2019.atauni.edu.tr\/wp-content\/uploads\/2019\/10\/25-Ekim-Bildiri-Program\u0131-A-SALONU-1-1.docx\">25-Ekim-Bildiri-Program\u0131-A-SALONU<\/a><\/p>\n<p><a href=\"https:\/\/hemegkongre2019.atauni.edu.tr\/wp-content\/uploads\/2019\/10\/25-Ekim-Bildiri-Program\u0131-B-SALONU-1-1.docx\">25-Ekim-Bildiri-Program\u0131-B-SALONU<\/a><\/p>\n<p><a href=\"https:\/\/hemegkongre2019.atauni.edu.tr\/wp-content\/uploads\/2019\/10\/25-Ekim-Bildiri-Program\u0131-B\u00dcY\u00dcK-SALON-1.docx\">25-Ekim-Bildiri-Program\u0131-B\u00dcY\u00dcK-SALON<\/a><\/p>\n<p><a href=\"https:\/\/hemegkongre2019.atauni.edu.tr\/wp-content\/uploads\/2019\/10\/25-Ekim-Bildiri-Program\u0131-C-SALONU-1-1.docx\">25-Ekim-Bildiri-Program\u0131-C-SALONU<\/a><\/p>\n<p><a href=\"https:\/\/hemegkongre2019.atauni.edu.tr\/wp-content\/uploads\/2019\/10\/26-Ekim-Bildiri-Program\u0131-A-SALONU-1-1.docx\">26-Ekim-Bildiri-Program\u0131-A-SALONU<\/a><\/p>\n<p><a href=\"https:\/\/hemegkongre2019.atauni.edu.tr\/wp-content\/uploads\/2019\/10\/26-Ekim-Bildiri-Program\u0131-B-SALONU-1-1.docx\">26-Ekim-Bildiri-Program\u0131-B-SALONU<\/a><\/p>\n<p><a href=\"https:\/\/hemegkongre2019.atauni.edu.tr\/wp-content\/uploads\/2019\/10\/26-Ekim-Bildiri-Program\u0131-C-SALONU-1-2.docx\">26-Ekim-Bildiri-Program\u0131-C-SALONU<\/a>[\/vc_column_text][\/vc_column][\/vc_row]<\/p>\n","protected":false},"excerpt":{"rendered":"<p>[vc_row][vc_column][vc_column_text]24-Ekim-Bildiri-Program\u0131-A-SALONU 24-Ekim-Bildiri-Program\u0131-B-SALONU 24-Ekim-Bildiri-Program\u0131-C-SALONU 25-Ekim-Bildiri-Program\u0131-A-SALONU 25-Ekim-Bildiri-Program\u0131-B-SALONU 25-Ekim-Bildiri-Program\u0131-B\u00dcY\u00dcK-SALON 25-Ekim-Bildiri-Program\u0131-C-SALONU 26-Ekim-Bildiri-Program\u0131-A-SALONU 26-Ekim-Bildiri-Program\u0131-B-SALONU 26-Ekim-Bildiri-Program\u0131-C-SALONU[\/vc_column_text][\/vc_column][\/vc_row]<\/p>\n","protected":false},"author":1,"featured_media":0,"parent":0,"menu_order":0,"comment_status":"closed","ping_status":"closed","template":"","meta":{"footnotes":""},"class_list":["post-4482","page","type-page","status-publish","hentry"],"_links":{"self":[{"href":"https:\/\/hemegkongre2019.atauni.edu.tr\/en\/index.php\/wp-json\/wp\/v2\/pages\/4482","targetHints":{"allow":["GET"]}}],"collection":[{"href":"https:\/\/hemegkongre2019.atauni.edu.tr\/en\/index.php\/wp-json\/wp\/v2\/pages"}],"about":[{"href":"https:\/\/hemegkongre2019.atauni.edu.tr\/en\/index.php\/wp-json\/wp\/v2\/types\/page"}],"author":[{"embeddable":true,"href":"https:\/\/hemegkongre2019.atauni.edu.tr\/en\/index.php\/wp-json\/wp\/v2\/users\/1"}],"replies":[{"embeddable":true,"href":"https:\/\/hemegkongre2019.atauni.edu.tr\/en\/index.php\/wp-json\/wp\/v2\/comments?post=4482"}],"version-history":[{"count":7,"href":"https:\/\/hemegkongre2019.atauni.edu.tr\/en\/index.php\/wp-json\/wp\/v2\/pages\/4482\/revisions"}],"predecessor-version":[{"id":4563,"href":"https:\/\/hemegkongre2019.atauni.edu.tr\/en\/index.php\/wp-json\/wp\/v2\/pages\/4482\/revisions\/4563"}],"wp:attachment":[{"href":"https:\/\/hemegkongre2019.atauni.edu.tr\/en\/index.php\/wp-json\/wp\/v2\/media?parent=4482"}],"curies":[{"name":"wp","href":"https:\/\/api.w.org\/{rel}","templated":true}]}}