{"id":4110,"date":"2019-07-08T12:07:28","date_gmt":"2019-07-08T09:07:28","guid":{"rendered":"https:\/\/hemegkongre2019.atauni.edu.tr\/?page_id=4110"},"modified":"2019-07-22T17:30:15","modified_gmt":"2019-07-22T14:30:15","slug":"organization-board","status":"publish","type":"page","link":"https:\/\/hemegkongre2019.atauni.edu.tr\/en\/index.php\/organization-board\/","title":{"rendered":"Organization board"},"content":{"rendered":"<p>[vc_row][vc_column][vc_column_text]<\/p>\n<p style=\"text-align: center;\"><strong>HONORARY PRESIDENT OF THE CONGRESS<\/strong><\/p>\n<p style=\"text-align: center;\">Prof.Dr. \u00d6mer \u00c7OMAKLI (Rector)<\/p>\n<p style=\"text-align: center;\">Ataturk University, Turkey<\/p>\n<p style=\"text-align: center;\"><strong>\u00a0<\/strong><\/p>\n<p style=\"text-align: center;\"><strong>PRESIDENT OF THE CONGRESS<\/strong><\/p>\n<p style=\"text-align: center;\">Prof.Dr. Ma\u011ffiret KA\u015eIK\u00c7I (Dean)<\/p>\n<p style=\"text-align: center;\">Ataturk University, Turkey<\/p>\n<p style=\"text-align: center;\"><strong>CHAIRMAN OF THE ORGANIZING COMMITTEE<\/strong><\/p>\n<p style=\"text-align: center;\">Assoc. Prof. Cant\u00fcrk \u00c7APIK, Ataturk University, Turkey<\/p>\n<p style=\"text-align: center;\"><strong>ORGANIZING COMMITTEE<\/strong><\/p>\n<p style=\"text-align: center;\">Afife Yurtta\u015f, Ataturk University, Turkey<\/p>\n<p style=\"text-align: center;\">Ehsan Khan, King&#8217;s College, England<\/p>\n<p style=\"text-align: center;\">Elanur Y\u0131lmaz Karabulutlu, Ataturk University, Turkey<\/p>\n<p style=\"text-align: center;\">Esin Kavuran, Ataturk University, Turkey<\/p>\n<p style=\"text-align: center;\">Esra Y\u0131ld\u0131z, Ataturk University, Turkey<\/p>\n<p style=\"text-align: center;\">Jackie Sturt, King\u2019s College, England<\/p>\n<p style=\"text-align: center;\">K\u00fcbra G\u00f6kalp, Ataturk University, Turkey<\/p>\n<p style=\"text-align: center;\">Lilie Shortridge Baggett, Pace University, USA<\/p>\n<p style=\"text-align: center;\">Mehtap Kavurmac\u0131, Ataturk University, Turkey<\/p>\n<p style=\"text-align: center;\">Nadiye \u00d6zer, Ataturk University, Turkey<\/p>\n<p style=\"text-align: center;\">Nazl\u0131 Hac\u0131alio\u011flu, Ataturk University, Turkey<\/p>\n<p style=\"text-align: center;\">Neziha Karabulut, Ataturk University, Turkey<\/p>\n<p style=\"text-align: center;\">Paula Ingram, Nhs Education For Scotland, U.K<\/p>\n<p style=\"text-align: center;\">Reva Balc\u0131 Akp\u0131nar, Ataturk University, Turkey<\/p>\n<p style=\"text-align: center;\">Roger Watson, University Of Hull, England<\/p>\n<p style=\"text-align: center;\">Semra K\u00f6se, Ataturk University, Turkey<\/p>\n<p style=\"text-align: center;\">Sibel Asi Karaka\u015f, Ataturk University, Turkey<\/p>\n<p style=\"text-align: center;\">Sonay Bilgin, Ataturk University, Turkey<\/p>\n<p style=\"text-align: center;\">Souzan Hawala, Druy Howard University, USA<\/p>\n<p style=\"text-align: center;\">Stuart Cable, Edinburgh Napier University, U.K<\/p>\n<p>[\/vc_column_text][\/vc_column][\/vc_row]<\/p>\n","protected":false},"excerpt":{"rendered":"<p>[vc_row][vc_column][vc_column_text] HONORARY PRESIDENT OF THE CONGRESS Prof.Dr. \u00d6mer \u00c7OMAKLI (Rector) Ataturk University, Turkey \u00a0 PRESIDENT OF THE CONGRESS Prof.Dr. Ma\u011ffiret KA\u015eIK\u00c7I (Dean) Ataturk University, Turkey CHAIRMAN OF THE ORGANIZING COMMITTEE Assoc. Prof. Cant\u00fcrk \u00c7APIK, Ataturk University, Turkey ORGANIZING COMMITTEE Afife Yurtta\u015f, Ataturk University, Turkey Ehsan Khan, King&#8217;s College, England Elanur Y\u0131lmaz Karabulutlu, Ataturk University, Turkey [&hellip;]<\/p>\n","protected":false},"author":1,"featured_media":0,"parent":0,"menu_order":0,"comment_status":"closed","ping_status":"closed","template":"","meta":{"footnotes":""},"class_list":["post-4110","page","type-page","status-publish","hentry"],"_links":{"self":[{"href":"https:\/\/hemegkongre2019.atauni.edu.tr\/en\/index.php\/wp-json\/wp\/v2\/pages\/4110","targetHints":{"allow":["GET"]}}],"collection":[{"href":"https:\/\/hemegkongre2019.atauni.edu.tr\/en\/index.php\/wp-json\/wp\/v2\/pages"}],"about":[{"href":"https:\/\/hemegkongre2019.atauni.edu.tr\/en\/index.php\/wp-json\/wp\/v2\/types\/page"}],"author":[{"embeddable":true,"href":"https:\/\/hemegkongre2019.atauni.edu.tr\/en\/index.php\/wp-json\/wp\/v2\/users\/1"}],"replies":[{"embeddable":true,"href":"https:\/\/hemegkongre2019.atauni.edu.tr\/en\/index.php\/wp-json\/wp\/v2\/comments?post=4110"}],"version-history":[{"count":6,"href":"https:\/\/hemegkongre2019.atauni.edu.tr\/en\/index.php\/wp-json\/wp\/v2\/pages\/4110\/revisions"}],"predecessor-version":[{"id":4236,"href":"https:\/\/hemegkongre2019.atauni.edu.tr\/en\/index.php\/wp-json\/wp\/v2\/pages\/4110\/revisions\/4236"}],"wp:attachment":[{"href":"https:\/\/hemegkongre2019.atauni.edu.tr\/en\/index.php\/wp-json\/wp\/v2\/media?parent=4110"}],"curies":[{"name":"wp","href":"https:\/\/api.w.org\/{rel}","templated":true}]}}