{"id":4106,"date":"2019-07-08T12:07:02","date_gmt":"2019-07-08T09:07:02","guid":{"rendered":"https:\/\/hemegkongre2019.atauni.edu.tr\/?page_id=4106"},"modified":"2019-10-10T19:19:07","modified_gmt":"2019-10-10T16:19:07","slug":"science-board","status":"publish","type":"page","link":"https:\/\/hemegkongre2019.atauni.edu.tr\/en\/index.php\/science-board\/","title":{"rendered":"Science Board"},"content":{"rendered":"<p>[vc_row][vc_column][vc_column_text]<\/p>\n<p style=\"text-align: center;\">SCIENCE BOARD<\/p>\n<p style=\"text-align: center;\">Afife Yurtta\u015f, Atat\u00fcrk University<\/p>\n<p style=\"text-align: center;\">Arzu Sar\u0131alio\u011flu, Atat\u00fcrk University<\/p>\n<p style=\"text-align: center;\">Arzu YILDIRIM, Erzincan Binali Y\u0131ld\u0131r\u0131m University<\/p>\n<p style=\"text-align: center;\">Asl\u0131 Sis \u00c7elik, Atat\u00fcrk University<\/p>\n<p style=\"text-align: center;\">Ayda \u00c7elebio\u011flu, Mersin University<\/p>\n<p style=\"text-align: center;\">Ayi\u015fe Karada\u011f, Ko\u00e7 University<\/p>\n<p style=\"text-align: center;\">Ayi\u015fe KARADA\u011e, Ko\u00e7 University<\/p>\n<p style=\"text-align: center;\">Ay\u015fe Ayd\u0131n, Atat\u00fcrk University<\/p>\n<p style=\"text-align: center;\">Ay\u015fe PARLAK, Atat\u00fcrk University<\/p>\n<p style=\"text-align: center;\">Ay\u015feg\u00fcl Bilge, Ege University<\/p>\n<p style=\"text-align: center;\">Ay\u015feg\u00fcl B\u0130LGE, Ege University<\/p>\n<p style=\"text-align: center;\">Ay\u015feg\u00fcl Sar\u0131o\u011flu Kemer, Atat\u00fcrk University<\/p>\n<p style=\"text-align: center;\">Ay\u015feg\u00fcl Yayla, Atat\u00fcrk University<\/p>\n<p style=\"text-align: center;\">Bahar \u00c7ift\u00e7i, Atat\u00fcrk University<\/p>\n<p style=\"text-align: center;\">Behice ERC\u0130, Malatya University<\/p>\n<p style=\"text-align: center;\">Birsel Canan DEM\u0130RBA\u011e, Karadeniz Teknik University<\/p>\n<p style=\"text-align: center;\">Cant\u00fcrk \u00c7ap\u0131k, Atat\u00fcrk University<\/p>\n<p style=\"text-align: center;\">Carol Reid, New Zealand<\/p>\n<p style=\"text-align: center;\">Dilek G\u00fcr\u00e7ay\u0131r, Atat\u00fcrk University<\/p>\n<p style=\"text-align: center;\">Dilek K\u0131l\u0131\u00e7, Atat\u00fcrk University<\/p>\n<p style=\"text-align: center;\">Duygu Ar\u0131kan, Atat\u00fcrk University<\/p>\n<p style=\"text-align: center;\">Eda Ay, Atat\u00fcrk University<\/p>\n<p style=\"text-align: center;\">Ehsan Khan, King&#8217;s College, U.K<\/p>\n<p style=\"text-align: center;\">Elanur Y\u0131lmaz Karabulutlu, Atat\u00fcrk University<\/p>\n<p style=\"text-align: center;\">Emine K\u0131yak, Atat\u00fcrk University<\/p>\n<p style=\"text-align: center;\">Emine KOL, Akdeniz University<\/p>\n<p style=\"text-align: center;\">Esin Kavuran, Atat\u00fcrk University<\/p>\n<p style=\"text-align: center;\">Esra Y\u0131ld\u0131z, Atat\u00fcrk University<\/p>\n<p style=\"text-align: center;\">Fatma G\u00fcd\u00fcc\u00fc T\u00fcfek\u00e7i, Atat\u00fcrk University<\/p>\n<p style=\"text-align: center;\">Fatma Kurudirek, Atat\u00fcrk University<\/p>\n<p style=\"text-align: center;\">Fatma ORGUN, Ege University<\/p>\n<p style=\"text-align: center;\">Fatma Tok Y\u0131ld\u0131z, Sivas Cumhuriyet University<\/p>\n<p style=\"text-align: center;\">G\u00fclay \u0130pek \u00c7oban, Atat\u00fcrk University<\/p>\n<p style=\"text-align: center;\">G\u00fcl\u00e7in Av\u015far, Atat\u00fcrk University<\/p>\n<p style=\"text-align: center;\">\u00a0G\u00fclseren Kocaman,Dokuz Eyl\u00fcl University<\/p>\n<p style=\"text-align: center;\">G\u00fcl\u015fen Ery\u0131lmaz, Atat\u00fcrk University<\/p>\n<p style=\"text-align: center;\">Harriet R. Feldman, Pace University, USA<\/p>\n<p style=\"text-align: center;\">Hasret Yal\u00e7\u0131n\u00f6z Baysal, Atat\u00fcrk University<\/p>\n<p style=\"text-align: center;\">Hatice Durmaz, Atat\u00fcrk University<\/p>\n<p style=\"text-align: center;\">Hatice Polat, Atat\u00fcrk University<\/p>\n<p style=\"text-align: center;\">Havva \u00d6ZT\u00dcRK, Karadeniz Teknik University<\/p>\n<p style=\"text-align: center;\">Helen Edwards, University of Queensland, Australian<\/p>\n<p style=\"text-align: center;\">Hester C. Klopper, Stellenbosch University, South Africa<\/p>\n<p style=\"text-align: center;\">H\u00fclya KAYA, \u0130stanbul University<\/p>\n<p style=\"text-align: center;\">H\u00fclya U\u00e7ar, Hacettepe University<\/p>\n<p style=\"text-align: center;\">\u0130lkay BOZ, Akdeniz University<\/p>\n<p style=\"text-align: center;\">Jaap van der Bijl, Inholland University of Applied Sciences, The Netherlands<\/p>\n<p style=\"text-align: center;\">Jackie Sturt, King\u2019s College, U.K.<\/p>\n<p style=\"text-align: center;\">June Alberto, Georgia State University, Georgia<\/p>\n<p style=\"text-align: center;\">K\u00fcbra G\u00f6kalp, Atat\u00fcrk University<\/p>\n<p style=\"text-align: center;\">Leyla Din\u00e7, Hacettepe University<\/p>\n<p style=\"text-align: center;\">Leyla D\u0130N\u00c7, Hacettepe University<\/p>\n<p style=\"text-align: center;\">Lilie Shortridge Baggett, Pace University, USA<\/p>\n<p style=\"text-align: center;\">Mehtap Kavurmac\u0131, Atat\u00fcrk University<\/p>\n<p style=\"text-align: center;\">Mehtap Tan, Atat\u00fcrk University<\/p>\n<p style=\"text-align: center;\">Meltem \u015eirin G\u00f6k, Atat\u00fcrk University<\/p>\n<p style=\"text-align: center;\">Merdiye \u015eendir, Sa\u011fl\u0131k Bilimleri University<\/p>\n<p style=\"text-align: center;\">Mine Ekinci, Atat\u00fcrk University<\/p>\n<p style=\"text-align: center;\">Mirjam Norris Nommensen, The Netherlands<\/p>\n<p style=\"text-align: center;\">Murat BEKTA\u015e, Dokuz Eyl\u00fcl University<\/p>\n<p style=\"text-align: center;\">Nadiye \u00d6zer, Atat\u00fcrk University<\/p>\n<p style=\"text-align: center;\">Nazl\u0131 Hac\u0131alio\u011flu, Atat\u00fcrk University<\/p>\n<p style=\"text-align: center;\">Neziha Karabulut, Atat\u00fcrk University<\/p>\n<p style=\"text-align: center;\">Nihan T\u00fcrko\u011flu, Atat\u00fcrk University<\/p>\n<p style=\"text-align: center;\">Nuray Dayapo\u011flu, Atat\u00fcrk University<\/p>\n<p style=\"text-align: center;\">Nurhan Bayraktar, Near East University, TRNC<\/p>\n<p style=\"text-align: center;\">Nurten KAYA, \u0130stanbul University<\/p>\n<p style=\"text-align: center;\">\u00d6zen KULAKA\u00c7, Ondokuz May\u0131s University<\/p>\n<p style=\"text-align: center;\">\u00d6zlem \u015eahin Altun, Atat\u00fcrk University<\/p>\n<p style=\"text-align: center;\">Papatya KARAKURT, Erzincan Binali Y\u0131ld\u0131r\u0131m University<\/p>\n<p style=\"text-align: center;\">Paula Ingram, NHS Education for Scotland, Scotland<\/p>\n<p style=\"text-align: center;\">Peter Draper, University of Hull, U.K.<\/p>\n<p style=\"text-align: center;\">Rabia HACIHASANO\u011eLU A\u015eILAR<\/p>\n<p style=\"text-align: center;\">Rah\u015fan \u00c7EV\u0130K AKYIL, Adnan Menderes University<\/p>\n<p style=\"text-align: center;\">Reezena Malaska- Florida, USA<\/p>\n<p style=\"text-align: center;\">Reva Balc\u0131 Akp\u0131nar, Atat\u00fcrk University<\/p>\n<p style=\"text-align: center;\">Roger Watson, University of Hull, U.K.<\/p>\n<p style=\"text-align: center;\">Rona Levin, ABD.<\/p>\n<p style=\"text-align: center;\">Rukuye Aylaz, \u0130n\u00f6n\u00fc University<\/p>\n<p style=\"text-align: center;\">Sebahat G\u00f6z\u00fcm, Akdeniz University<\/p>\n<p style=\"text-align: center;\">Selma G\u00f6rg\u00fcl\u00fc, Eastern Mediterranean University, TRNC<\/p>\n<p style=\"text-align: center;\">Serap ALTUNTA\u015e, Band\u0131rma Onyedi Eyl\u00fcl University<\/p>\n<p style=\"text-align: center;\">Sevilay \u015eenol \u00c7elik- Girne University- TRNC<\/p>\n<p style=\"text-align: center;\">Sevim Buzlu, \u0130stanbul University<\/p>\n<p style=\"text-align: center;\">Sevin\u00e7 POLAT, Yozgat Bozok University<\/p>\n<p style=\"text-align: center;\">Shu-Fang Vivienne Wu, Taiwan<\/p>\n<p style=\"text-align: center;\">Sibel Asi Karaka\u015f, Atat\u00fcrk University<\/p>\n<p style=\"text-align: center;\">Sonay Bilgin, Atat\u00fcrk University<\/p>\n<p style=\"text-align: center;\">Souzan Hawala Druy, Howard University, USA<\/p>\n<p style=\"text-align: center;\">Stuart Cable, Edinburgh Napier University, Scotland<\/p>\n<p style=\"text-align: center;\">Suisie Schifield, Dundee University, U.K.<\/p>\n<p style=\"text-align: center;\">\u015eerife KARAG\u00d6ZO\u011eLU, Sivas Cumhuriyet University<\/p>\n<p style=\"text-align: center;\">\u015eeyda Seren \u0130ntepeler, 9 Eyl\u00fcl University<\/p>\n<p style=\"text-align: center;\">T\u00fclin Bed\u00fck, Ankara University<\/p>\n<p style=\"text-align: center;\">T\u00fcrkan Kadiro\u011flu, Atat\u00fcrk University<\/p>\n<p style=\"text-align: center;\">T\u00fcrkinaz A\u015eT\u0130, Bezmialem Vak\u0131f University<\/p>\n<p style=\"text-align: center;\">\u00dcmran Dal Y\u0131lmaz, Yak\u0131n Do\u011fu University, TRNC<\/p>\n<p style=\"text-align: center;\">Vesile Eskici, Atat\u00fcrk University<\/p>\n<p style=\"text-align: center;\">Yelda \u00d6zsunar Dayan\u0131r, Adnan Menderes University<\/p>\n<p style=\"text-align: center;\">Zeliha Ko\u00e7, Ondokuz May\u0131s University<\/p>\n<p style=\"text-align: center;\">Zeynep Karaman \u00d6zl\u00fc, Atat\u00fcrk University<\/p>\n<p>[\/vc_column_text][\/vc_column][\/vc_row]<\/p>\n","protected":false},"excerpt":{"rendered":"<p>[vc_row][vc_column][vc_column_text] SCIENCE BOARD Afife Yurtta\u015f, Atat\u00fcrk University Arzu Sar\u0131alio\u011flu, Atat\u00fcrk University Arzu YILDIRIM, Erzincan Binali Y\u0131ld\u0131r\u0131m University Asl\u0131 Sis \u00c7elik, Atat\u00fcrk University Ayda \u00c7elebio\u011flu, Mersin University Ayi\u015fe Karada\u011f, Ko\u00e7 University Ayi\u015fe KARADA\u011e, Ko\u00e7 University Ay\u015fe Ayd\u0131n, Atat\u00fcrk University Ay\u015fe PARLAK, Atat\u00fcrk University Ay\u015feg\u00fcl Bilge, Ege University Ay\u015feg\u00fcl B\u0130LGE, Ege University Ay\u015feg\u00fcl Sar\u0131o\u011flu Kemer, Atat\u00fcrk University [&hellip;]<\/p>\n","protected":false},"author":1,"featured_media":0,"parent":0,"menu_order":0,"comment_status":"closed","ping_status":"closed","template":"","meta":{"footnotes":""},"class_list":["post-4106","page","type-page","status-publish","hentry"],"_links":{"self":[{"href":"https:\/\/hemegkongre2019.atauni.edu.tr\/en\/index.php\/wp-json\/wp\/v2\/pages\/4106","targetHints":{"allow":["GET"]}}],"collection":[{"href":"https:\/\/hemegkongre2019.atauni.edu.tr\/en\/index.php\/wp-json\/wp\/v2\/pages"}],"about":[{"href":"https:\/\/hemegkongre2019.atauni.edu.tr\/en\/index.php\/wp-json\/wp\/v2\/types\/page"}],"author":[{"embeddable":true,"href":"https:\/\/hemegkongre2019.atauni.edu.tr\/en\/index.php\/wp-json\/wp\/v2\/users\/1"}],"replies":[{"embeddable":true,"href":"https:\/\/hemegkongre2019.atauni.edu.tr\/en\/index.php\/wp-json\/wp\/v2\/comments?post=4106"}],"version-history":[{"count":16,"href":"https:\/\/hemegkongre2019.atauni.edu.tr\/en\/index.php\/wp-json\/wp\/v2\/pages\/4106\/revisions"}],"predecessor-version":[{"id":4415,"href":"https:\/\/hemegkongre2019.atauni.edu.tr\/en\/index.php\/wp-json\/wp\/v2\/pages\/4106\/revisions\/4415"}],"wp:attachment":[{"href":"https:\/\/hemegkongre2019.atauni.edu.tr\/en\/index.php\/wp-json\/wp\/v2\/media?parent=4106"}],"curies":[{"name":"wp","href":"https:\/\/api.w.org\/{rel}","templated":true}]}}