{"id":3683,"date":"2019-05-24T16:16:47","date_gmt":"2019-05-24T13:16:47","guid":{"rendered":"https:\/\/hemegkongre2019.atauni.edu.tr\/en\/?page_id=3683"},"modified":"2019-10-19T12:13:02","modified_gmt":"2019-10-19T09:13:02","slug":"committees","status":"publish","type":"page","link":"https:\/\/hemegkongre2019.atauni.edu.tr\/en\/index.php\/committees\/","title":{"rendered":"KURULLAR"},"content":{"rendered":"<p>[vc_row][vc_column][vc_column_text]<\/p>\n<p style=\"text-align: center;\"><strong>HONORARY PRESIDENT OF THE CONGRESS<\/strong><\/p>\n<p style=\"text-align: center;\">Prof.Dr. \u00d6mer \u00c7OMAKLI (Rector)<\/p>\n<p style=\"text-align: center;\"><strong>\u00a0<\/strong><\/p>\n<p style=\"text-align: center;\"><strong>PRESIDENT OF THE CONGRESS<\/strong><\/p>\n<p style=\"text-align: center;\">Prof.Dr. Ma\u011ffiret KA\u015eIKCI (Dean)<\/p>\n<p style=\"text-align: center;\"><strong>CHAIRMAN OF THE ORGANIZING COMMITTEE<\/strong><\/p>\n<p style=\"text-align: center;\">Assoc. Prof. Cant\u00fcrk \u00c7APIK<\/p>\n<p style=\"text-align: center;\"><strong>\u00a0<\/strong><\/p>\n<p style=\"text-align: center;\"><strong>ORGANIZING COMMITTEE<\/strong><\/p>\n<p style=\"text-align: center;\">Prof.Dr. Neziha KARABULUT<\/p>\n<p style=\"text-align: center;\">Prof.Dr. Nadiye \u00d6ZER<\/p>\n<p style=\"text-align: center;\">Prof.Dr. Reva BALCI AKPINAR<\/p>\n<p style=\"text-align: center;\">Prof.Dr. Elanur YILMAZ KARABULUTLU<\/p>\n<p style=\"text-align: center;\">Assoc. Prof. Dr.\u00a0 Mehtap KAVURMACI<\/p>\n<p style=\"text-align: center;\">Assoc. Prof. Dr.\u00a0 Sibel Asi KARAKA\u015e<\/p>\n<p style=\"text-align: center;\">Assoc. Prof. Dr.\u00a0 Esra YILDIZ<\/p>\n<p style=\"text-align: center;\">Assist. Prof. Dr. Nazl\u0131 HACIAL\u0130O\u011eLU<\/p>\n<p style=\"text-align: center;\">Assist. Prof. Dr. Afife YURTTA\u015e<\/p>\n<p style=\"text-align: center;\">Assist. Prof. Dr. \u00dcyesi Sonay B\u0130LG\u0130N<\/p>\n<p style=\"text-align: center;\">Assist. Prof. Dr. Esin KAVURAN<\/p>\n<p style=\"text-align: center;\">Assist. Prof. Dr. K\u00fcbra G\u00d6KALP<\/p>\n<p style=\"text-align: center;\">Research Assist. Semra K\u00d6SE<\/p>\n<p>[\/vc_column_text][\/vc_column][\/vc_row]<\/p>\n","protected":false},"excerpt":{"rendered":"<p>[vc_row][vc_column][vc_column_text] HONORARY PRESIDENT OF THE CONGRESS Prof.Dr. \u00d6mer \u00c7OMAKLI (Rector) \u00a0 PRESIDENT OF THE CONGRESS Prof.Dr. Ma\u011ffiret KA\u015eIKCI (Dean) CHAIRMAN OF THE ORGANIZING COMMITTEE Assoc. Prof. Cant\u00fcrk \u00c7APIK \u00a0 ORGANIZING COMMITTEE Prof.Dr. Neziha KARABULUT Prof.Dr. Nadiye \u00d6ZER Prof.Dr. Reva BALCI AKPINAR Prof.Dr. Elanur YILMAZ KARABULUTLU Assoc. Prof. Dr.\u00a0 Mehtap KAVURMACI Assoc. Prof. Dr.\u00a0 Sibel Asi [&hellip;]<\/p>\n","protected":false},"author":1,"featured_media":0,"parent":0,"menu_order":0,"comment_status":"closed","ping_status":"closed","template":"","meta":{"footnotes":""},"class_list":["post-3683","page","type-page","status-publish","hentry"],"_links":{"self":[{"href":"https:\/\/hemegkongre2019.atauni.edu.tr\/en\/index.php\/wp-json\/wp\/v2\/pages\/3683","targetHints":{"allow":["GET"]}}],"collection":[{"href":"https:\/\/hemegkongre2019.atauni.edu.tr\/en\/index.php\/wp-json\/wp\/v2\/pages"}],"about":[{"href":"https:\/\/hemegkongre2019.atauni.edu.tr\/en\/index.php\/wp-json\/wp\/v2\/types\/page"}],"author":[{"embeddable":true,"href":"https:\/\/hemegkongre2019.atauni.edu.tr\/en\/index.php\/wp-json\/wp\/v2\/users\/1"}],"replies":[{"embeddable":true,"href":"https:\/\/hemegkongre2019.atauni.edu.tr\/en\/index.php\/wp-json\/wp\/v2\/comments?post=3683"}],"version-history":[{"count":10,"href":"https:\/\/hemegkongre2019.atauni.edu.tr\/en\/index.php\/wp-json\/wp\/v2\/pages\/3683\/revisions"}],"predecessor-version":[{"id":4090,"href":"https:\/\/hemegkongre2019.atauni.edu.tr\/en\/index.php\/wp-json\/wp\/v2\/pages\/3683\/revisions\/4090"}],"wp:attachment":[{"href":"https:\/\/hemegkongre2019.atauni.edu.tr\/en\/index.php\/wp-json\/wp\/v2\/media?parent=3683"}],"curies":[{"name":"wp","href":"https:\/\/api.w.org\/{rel}","templated":true}]}}