{"id":3680,"date":"2019-05-24T16:16:09","date_gmt":"2019-05-24T13:16:09","guid":{"rendered":"https:\/\/hemegkongre2019.atauni.edu.tr\/en\/?page_id=3680"},"modified":"2019-10-19T12:12:56","modified_gmt":"2019-10-19T09:12:56","slug":"social-program","status":"publish","type":"page","link":"https:\/\/hemegkongre2019.atauni.edu.tr\/en\/index.php\/social-program\/","title":{"rendered":"Social Program"},"content":{"rendered":"<p>[vc_row][vc_column css=&#8221;.vc_custom_1563781424694{padding-left: 100px !important;}&#8221;][vc_column_text]Gala dinner will be held on 24 October 2019.<\/p>\n<p>Between 26 October 13:30- 17:00, Erzurum City historical places will be visited.<\/p>\n<ul>\n<li>Yakutiye madrasah<\/li>\n<li>Lalapa\u015fa mosque<\/li>\n<li>\u00c7ifte Minerali madrasah<\/li>\n<li>Ulu mosque<\/li>\n<li>\u00dc\u00e7 K\u00fcmbetler<\/li>\n<li>Erzurum Castle<\/li>\n<li>R\u00fcstempa\u015fa Bedesteni (Ta\u015fhan)<\/li>\n<li>Historical Erzurum Houses<\/li>\n<li>Erzurum Kongre Houses<\/li>\n<li>Aziziye Tabyas\u0131<\/li>\n<li>Paland\u00f6ken SKY Resort<\/li>\n<\/ul>\n<p>[\/vc_column_text][\/vc_column][\/vc_row]<\/p>\n","protected":false},"excerpt":{"rendered":"<p>[vc_row][vc_column css=&#8221;.vc_custom_1563781424694{padding-left: 100px !important;}&#8221;][vc_column_text]Gala dinner will be held on 24 October 2019. Between 26 October 13:30- 17:00, Erzurum City historical places will be visited. Yakutiye madrasah Lalapa\u015fa mosque \u00c7ifte Minerali madrasah Ulu mosque \u00dc\u00e7 K\u00fcmbetler Erzurum Castle R\u00fcstempa\u015fa Bedesteni (Ta\u015fhan) Historical Erzurum Houses Erzurum Kongre Houses Aziziye Tabyas\u0131 Paland\u00f6ken SKY Resort [\/vc_column_text][\/vc_column][\/vc_row]<\/p>\n","protected":false},"author":1,"featured_media":0,"parent":0,"menu_order":0,"comment_status":"closed","ping_status":"closed","template":"","meta":{"footnotes":""},"class_list":["post-3680","page","type-page","status-publish","hentry"],"_links":{"self":[{"href":"https:\/\/hemegkongre2019.atauni.edu.tr\/en\/index.php\/wp-json\/wp\/v2\/pages\/3680","targetHints":{"allow":["GET"]}}],"collection":[{"href":"https:\/\/hemegkongre2019.atauni.edu.tr\/en\/index.php\/wp-json\/wp\/v2\/pages"}],"about":[{"href":"https:\/\/hemegkongre2019.atauni.edu.tr\/en\/index.php\/wp-json\/wp\/v2\/types\/page"}],"author":[{"embeddable":true,"href":"https:\/\/hemegkongre2019.atauni.edu.tr\/en\/index.php\/wp-json\/wp\/v2\/users\/1"}],"replies":[{"embeddable":true,"href":"https:\/\/hemegkongre2019.atauni.edu.tr\/en\/index.php\/wp-json\/wp\/v2\/comments?post=3680"}],"version-history":[{"count":5,"href":"https:\/\/hemegkongre2019.atauni.edu.tr\/en\/index.php\/wp-json\/wp\/v2\/pages\/3680\/revisions"}],"predecessor-version":[{"id":4244,"href":"https:\/\/hemegkongre2019.atauni.edu.tr\/en\/index.php\/wp-json\/wp\/v2\/pages\/3680\/revisions\/4244"}],"wp:attachment":[{"href":"https:\/\/hemegkongre2019.atauni.edu.tr\/en\/index.php\/wp-json\/wp\/v2\/media?parent=3680"}],"curies":[{"name":"wp","href":"https:\/\/api.w.org\/{rel}","templated":true}]}}