{"id":3674,"date":"2019-05-24T16:07:35","date_gmt":"2019-05-24T13:07:35","guid":{"rendered":"https:\/\/hemegkongre2019.atauni.edu.tr\/en\/?page_id=3674"},"modified":"2019-09-03T17:14:08","modified_gmt":"2019-09-03T14:14:08","slug":"general-information","status":"publish","type":"page","link":"https:\/\/hemegkongre2019.atauni.edu.tr\/en\/index.php\/general-information\/","title":{"rendered":"General Information"},"content":{"rendered":"<p>[vc_row][vc_column][vc_column_text]<strong>Main Themes<\/strong><\/p>\n<ul>\n<li>Quality in Nursing Education<\/li>\n<li>Technology in Nursing Education<\/li>\n<li>Continuing Education in Nursing<\/li>\n<li>Ethics in Nursing Education<\/li>\n<li>Education New Generation of in Nursing<\/li>\n<\/ul>\n<h2>Associations<\/h2>\n<p><strong><img loading=\"lazy\" decoding=\"async\" class=\"alignnone wp-image-4264 size-full\" src=\"https:\/\/hemegkongre2019.atauni.edu.tr\/wp-content\/uploads\/2019\/09\/Ekran-Al\u0131nt\u0131s\u0131ccccccccccc.png\" alt=\"\" width=\"795\" height=\"116\" \/><\/strong><\/p>\n<p><strong>Date of Congress\u00a0\u00a0\u00a0\u00a0\u00a0\u00a0\u00a0\u00a0\u00a0\u00a0\u00a0\u00a0 <\/strong>\u00a0\u00a0\u00a0\u00a0\u00a0\u00a0\u00a0\u00a0\u00a0\u00a0\u00a0\u00a0\u00a0\u00a0\u00a0 : October 24-26, 2019<\/p>\n<p><strong>Courses<\/strong>\u00a0\u00a0\u00a0\u00a0\u00a0\u00a0\u00a0\u00a0\u00a0\u00a0\u00a0\u00a0\u00a0\u00a0\u00a0\u00a0\u00a0\u00a0\u00a0\u00a0\u00a0\u00a0\u00a0\u00a0\u00a0\u00a0\u00a0\u00a0\u00a0\u00a0\u00a0\u00a0\u00a0\u00a0\u00a0\u00a0\u00a0\u00a0\u00a0\u00a0\u00a0\u00a0\u00a0\u00a0\u00a0\u00a0 : October 23, 2019 (13:00-17: 00)<\/p>\n<p><strong>Language of Congress<\/strong>\u00a0\u00a0\u00a0\u00a0\u00a0\u00a0\u00a0\u00a0\u00a0\u00a0\u00a0\u00a0\u00a0\u00a0\u00a0\u00a0\u00a0\u00a0 : Turkish (With English translation)<\/p>\n<p><strong>Certificate of Attendance<\/strong>\u00a0\u00a0\u00a0\u00a0\u00a0\u00a0\u00a0\u00a0\u00a0\u00a0\u00a0 : All participants who register for the congress will be given a certificate of attendance.<\/p>\n<p><strong>Invitation Letter\u00a0\u00a0\u00a0\u00a0\u00a0\u00a0\u00a0\u00a0\u00a0\u00a0\u00a0\u00a0\u00a0\u00a0\u00a0\u00a0\u00a0\u00a0\u00a0\u00a0\u00a0\u00a0\u00a0\u00a0\u00a0\u00a0\u00a0\u00a0\u00a0 :<\/strong> We will send an invitation letter to all members if they request it. This letter will only help you get permission from your institution.<\/p>\n<p><strong>Exhibition Areas\u00a0\u00a0\u00a0\u00a0\u00a0\u00a0\u00a0\u00a0\u00a0\u00a0\u00a0\u00a0\u00a0\u00a0\u00a0\u00a0\u00a0\u00a0\u00a0\u00a0\u00a0\u00a0\u00a0\u00a0\u00a0\u00a0\u00a0\u00a0\u00a0 <\/strong>: During the congress, a large area was allocated in the congress center in order to exhibit the products of the companies in the fields of medicine, medical equipment and books.[\/vc_column_text][\/vc_column][\/vc_row]<\/p>\n","protected":false},"excerpt":{"rendered":"<p>[vc_row][vc_column][vc_column_text]Main Themes Quality in Nursing Education Technology in Nursing Education Continuing Education in Nursing Ethics in Nursing Education Education New Generation of in Nursing Associations Date of Congress\u00a0\u00a0\u00a0\u00a0\u00a0\u00a0\u00a0\u00a0\u00a0\u00a0\u00a0\u00a0 \u00a0\u00a0\u00a0\u00a0\u00a0\u00a0\u00a0\u00a0\u00a0\u00a0\u00a0\u00a0\u00a0\u00a0\u00a0 : October 24-26, 2019 Courses\u00a0\u00a0\u00a0\u00a0\u00a0\u00a0\u00a0\u00a0\u00a0\u00a0\u00a0\u00a0\u00a0\u00a0\u00a0\u00a0\u00a0\u00a0\u00a0\u00a0\u00a0\u00a0\u00a0\u00a0\u00a0\u00a0\u00a0\u00a0\u00a0\u00a0\u00a0\u00a0\u00a0\u00a0\u00a0\u00a0\u00a0\u00a0\u00a0\u00a0\u00a0\u00a0\u00a0\u00a0\u00a0\u00a0 : October 23, 2019 (13:00-17: 00) Language of Congress\u00a0\u00a0\u00a0\u00a0\u00a0\u00a0\u00a0\u00a0\u00a0\u00a0\u00a0\u00a0\u00a0\u00a0\u00a0\u00a0\u00a0\u00a0 : Turkish (With English translation) Certificate of Attendance\u00a0\u00a0\u00a0\u00a0\u00a0\u00a0\u00a0\u00a0\u00a0\u00a0\u00a0 : All participants who [&hellip;]<\/p>\n","protected":false},"author":1,"featured_media":0,"parent":0,"menu_order":0,"comment_status":"closed","ping_status":"closed","template":"","meta":{"footnotes":""},"class_list":["post-3674","page","type-page","status-publish","hentry"],"_links":{"self":[{"href":"https:\/\/hemegkongre2019.atauni.edu.tr\/en\/index.php\/wp-json\/wp\/v2\/pages\/3674","targetHints":{"allow":["GET"]}}],"collection":[{"href":"https:\/\/hemegkongre2019.atauni.edu.tr\/en\/index.php\/wp-json\/wp\/v2\/pages"}],"about":[{"href":"https:\/\/hemegkongre2019.atauni.edu.tr\/en\/index.php\/wp-json\/wp\/v2\/types\/page"}],"author":[{"embeddable":true,"href":"https:\/\/hemegkongre2019.atauni.edu.tr\/en\/index.php\/wp-json\/wp\/v2\/users\/1"}],"replies":[{"embeddable":true,"href":"https:\/\/hemegkongre2019.atauni.edu.tr\/en\/index.php\/wp-json\/wp\/v2\/comments?post=3674"}],"version-history":[{"count":8,"href":"https:\/\/hemegkongre2019.atauni.edu.tr\/en\/index.php\/wp-json\/wp\/v2\/pages\/3674\/revisions"}],"predecessor-version":[{"id":4266,"href":"https:\/\/hemegkongre2019.atauni.edu.tr\/en\/index.php\/wp-json\/wp\/v2\/pages\/3674\/revisions\/4266"}],"wp:attachment":[{"href":"https:\/\/hemegkongre2019.atauni.edu.tr\/en\/index.php\/wp-json\/wp\/v2\/media?parent=3674"}],"curies":[{"name":"wp","href":"https:\/\/api.w.org\/{rel}","templated":true}]}}