{"id":3,"date":"2017-09-27T11:05:34","date_gmt":"2017-09-27T11:05:34","guid":{"rendered":"https:\/\/hemegkongre2019.atauni.edu.tr\/?page_id=3"},"modified":"2019-09-03T11:10:37","modified_gmt":"2019-09-03T08:10:37","slug":"wishlist","status":"publish","type":"page","link":"https:\/\/hemegkongre2019.atauni.edu.tr\/en\/index.php\/wishlist\/","title":{"rendered":"Bildiri Kurallar\u0131"},"content":{"rendered":"<p>[vc_row][vc_column][vc_column_text]<\/p>\n<h3><strong>Bildiri Kurallar\u0131<\/strong><\/h3>\n<p>\u00d6zetler online bildiri \u00f6zet sistemi ile toplanacakt\u0131r.<\/p>\n<p>Online bildiri mod\u00fcl\u00fcn\u00fc ilk kez kullanacaksan\u0131z \u201c<a href=\"https:\/\/hemegkongre2019.atauni.edu.tr\/index.php\/kayit-konaklama\/\">Kay\u0131t Ol<\/a>\u201d linkini kullanarak sisteme kaydolunuz.<\/p>\n<p>Kay\u0131t i\u015fleminden sonra sayfadaki a\u00e7\u0131klamalar size yard\u0131mc\u0131 olacakt\u0131r.<\/p>\n<p>Bildirilerinizi, Microsoft Word Program\u0131nda \u201c\u00d6zet Bildiri \u00d6rnek \u015eablonu\u201d do\u011frultusunda haz\u0131rlay\u0131n\u0131z ve sisteme y\u00fckleyiniz.<\/p>\n<p>Yazar isimlerinde akademik unvan kullan\u0131lmamal\u0131d\u0131r.<\/p>\n<p>\u0130nternet \u00fczerinden g\u00f6nderilen \u00f6zetler ayn\u0131 \u015fekilde bas\u0131laca\u011f\u0131 i\u00e7in yaz\u0131m hatalar\u0131na dikkat edilmesi gerekmektedir.<\/p>\n<p>Bildirinizle ilgili t\u00fcm de\u011ferlendirme s\u00fcrecini e-postan\u0131zdan veya sistem \u00fczerinden takip edebilirsiniz.<\/p>\n<p>Bir yazar en fazla 2 bildiri i\u00e7in kongreye kay\u0131t olabilmektedir.<\/p>\n<p>\u0130kiden fazla bildiri g\u00f6nderimi \u00fccrete tabidir.<\/p>\n<p>S\u00f6zel bildiriler en fazla 10 dakika olmal\u0131d\u0131r (7 dakika sunum, 3 dakika tart\u0131\u015fma)[\/vc_column_text][\/vc_column][\/vc_row][vc_row][vc_column][vc_empty_space][vc_column_text]<a href=\"https:\/\/hemegkongre2019.atauni.edu.tr\/wp-content\/uploads\/2019\/05\/Dosyalar_Derleme-Makale-O\u0308zet-Bildiri-O\u0308rnek-S\u0327ablonu-TR.docx\"><b>Derleme Makale \u00d6zet Bildiri \u00d6rnek \u015eablonu TR:\u00a0 <\/b><\/a><br \/>\n<a href=\"https:\/\/hemegkongre2019.atauni.edu.tr\/wp-content\/uploads\/2019\/05\/Dosyalar_Derleme-Makalesi-Tam-Metin-Bildiri-O\u0308rnek-S\u0327ablonu.docx\"><b>Derleme Makalesi Tam Metin Bildiri \u00d6rnek \u015eablonu:\u00a0 <\/b><\/a><br \/>\n<a href=\"https:\/\/hemegkongre2019.atauni.edu.tr\/wp-content\/uploads\/2019\/05\/Dosyalar_Arast\u0131rma-Makalesi-O\u0308zet-Bildiri-O\u0308rnek-S\u0327ablonu-TR.docx\"><b>Ara\u015ft\u0131rma Makalesi \u00d6zet Bildiri \u00d6rnek \u015eablonu TR:\u00a0 <\/b><\/a><br \/>\n<a href=\"https:\/\/hemegkongre2019.atauni.edu.tr\/wp-content\/uploads\/2019\/05\/Dosyalar_Arast\u0131rma-Makalesi-Tam-Metin-Bildiri-O\u0308rnek-S\u0327ablonu.docx\"><b>Ara\u015ft\u0131rma Makalesi Tam Metin Bildiri \u00d6rnek \u015eablonu:\u00a0\u00a0<\/b><\/a><\/p>\n<p><b>Not:\u00a0<\/b>Kongremizde kabul edilen bildirilerden; dergi yay\u0131n kabul kriterlerine ve yaz\u0131m kurallar\u0131na uygun \u015fekilde haz\u0131rlan\u0131p sistemine y\u00fcklenen<br \/>\nve dergi edit\u00f6r\u00fc ile hakemlerin de\u011ferlendirmesi sonucunda kabul edilmeye uygun g\u00f6r\u00fclen bildiriler\u00a0<b>Anadolu Hem\u015firelik ve Sa\u011fl\u0131k Bilimleri Dergisi&#8217;nde\u00a0<\/b>2019-2020 y\u0131llar\u0131 i\u00e7erisinde s\u0131ral\u0131 olarak ilgili say\u0131larda yay\u0131nlanmak \u00fczere bas\u0131lacakt\u0131r.[\/vc_column_text][\/vc_column][\/vc_row][vc_row][vc_column][\/vc_column][\/vc_row]<\/p>\n","protected":false},"excerpt":{"rendered":"<p>[vc_row][vc_column][vc_column_text] Bildiri Kurallar\u0131 \u00d6zetler online bildiri \u00f6zet sistemi ile toplanacakt\u0131r. Online bildiri mod\u00fcl\u00fcn\u00fc ilk kez kullanacaksan\u0131z \u201cKay\u0131t Ol\u201d linkini kullanarak sisteme kaydolunuz. Kay\u0131t i\u015fleminden sonra sayfadaki a\u00e7\u0131klamalar size yard\u0131mc\u0131 olacakt\u0131r. Bildirilerinizi, Microsoft Word Program\u0131nda \u201c\u00d6zet Bildiri \u00d6rnek \u015eablonu\u201d do\u011frultusunda haz\u0131rlay\u0131n\u0131z ve sisteme y\u00fckleyiniz. Yazar isimlerinde akademik unvan kullan\u0131lmamal\u0131d\u0131r. \u0130nternet \u00fczerinden g\u00f6nderilen \u00f6zetler ayn\u0131 \u015fekilde bas\u0131laca\u011f\u0131 [&hellip;]<\/p>\n","protected":false},"author":1,"featured_media":0,"parent":0,"menu_order":0,"comment_status":"closed","ping_status":"closed","template":"","meta":{"footnotes":""},"class_list":["post-3","page","type-page","status-publish","hentry"],"_links":{"self":[{"href":"https:\/\/hemegkongre2019.atauni.edu.tr\/en\/index.php\/wp-json\/wp\/v2\/pages\/3","targetHints":{"allow":["GET"]}}],"collection":[{"href":"https:\/\/hemegkongre2019.atauni.edu.tr\/en\/index.php\/wp-json\/wp\/v2\/pages"}],"about":[{"href":"https:\/\/hemegkongre2019.atauni.edu.tr\/en\/index.php\/wp-json\/wp\/v2\/types\/page"}],"author":[{"embeddable":true,"href":"https:\/\/hemegkongre2019.atauni.edu.tr\/en\/index.php\/wp-json\/wp\/v2\/users\/1"}],"replies":[{"embeddable":true,"href":"https:\/\/hemegkongre2019.atauni.edu.tr\/en\/index.php\/wp-json\/wp\/v2\/comments?post=3"}],"version-history":[{"count":15,"href":"https:\/\/hemegkongre2019.atauni.edu.tr\/en\/index.php\/wp-json\/wp\/v2\/pages\/3\/revisions"}],"predecessor-version":[{"id":4258,"href":"https:\/\/hemegkongre2019.atauni.edu.tr\/en\/index.php\/wp-json\/wp\/v2\/pages\/3\/revisions\/4258"}],"wp:attachment":[{"href":"https:\/\/hemegkongre2019.atauni.edu.tr\/en\/index.php\/wp-json\/wp\/v2\/media?parent=3"}],"curies":[{"name":"wp","href":"https:\/\/api.w.org\/{rel}","templated":true}]}}