{"id":143,"date":"2016-09-24T01:55:05","date_gmt":"2016-09-24T01:55:05","guid":{"rendered":"http:\/\/sw-themes.com\/porto_dummy\/?page_id=143"},"modified":"2020-01-15T12:40:15","modified_gmt":"2020-01-15T09:40:15","slug":"home","status":"publish","type":"page","link":"https:\/\/hemegkongre2019.atauni.edu.tr\/en\/","title":{"rendered":"Anasayfa"},"content":{"rendered":"<p>[vc_row][vc_column][vc_single_image image=&#8221;4283&#8243; img_size=&#8221;1633&#215;523&#8243; alignment=&#8221;center&#8221; lightbox=&#8221;yes&#8221; css=&#8221;.vc_custom_1568191912127{margin-bottom: 40px !important;}&#8221;][\/vc_column][\/vc_row][vc_row wrap_container=&#8221;yes&#8221; css=&#8221;.vc_custom_1562938116547{margin-top: -65px !important;}&#8221;][vc_column width=&#8221;1\/3&#8243; css=&#8221;.vc_custom_1563263898427{background-image: url(https:\/\/hemegkongre2019.atauni.edu.tr\/wp-content\/uploads\/2018\/11\/testimonialbg.jpg?id=1494) !important;background-position: center !important;background-repeat: no-repeat !important;background-size: contain !important;}&#8221; offset=&#8221;vc_hidden-sm vc_hidden-xs&#8221;][vc_empty_space][vc_empty_space][vc_custom_heading text=&#8221;Congress Registration&#8221; font_container=&#8221;tag:h4|font_size:25|text_align:center|color:%23ffffff&#8221; google_fonts=&#8221;font_family:Open%20Sans%3A300%2C300italic%2Cregular%2Citalic%2C600%2C600italic%2C700%2C700italic%2C800%2C800italic|font_style:600%20bold%20regular%3A600%3Anormal&#8221; link=&#8221;url:https%3A%2F%2Fhemegkongre2019.atauni.edu.tr%2Fen%2Findex.php%2Frecord%2F|title:RECORD%26ACCOMMODATION|target:%20_blank|&#8221;][\/vc_column][vc_column width=&#8221;1\/3&#8243; css=&#8221;.vc_custom_1563263907689{background-image: url(https:\/\/hemegkongre2019.atauni.edu.tr\/wp-content\/uploads\/2018\/11\/testimonialbg.jpg?id=1494) !important;background-position: center !important;background-repeat: no-repeat !important;background-size: contain !important;}&#8221; offset=&#8221;vc_hidden-sm vc_hidden-xs&#8221;][vc_empty_space][vc_empty_space]<style>#count-down-wrap-6121 .porto_countdown-amount { font-size:20px;font-weight: 600;   color: #ffffff; } #count-down-wrap-6121 .porto_countdown-period, #count-down-wrap-6121 .porto_countdown-row:before {   color: #ffffff;font-size:20px;}<\/style><div class=\"porto_countdown   porto-cd-s1\"><div id=\"count-down-wrap-6121\"  class=\"porto_countdown-div porto_countdown-dateAndTime porto-wptz\" data-labels=\"Years,Months,Weeks,Days,Hours,Minutes,Seconds\" data-labels2=\"Year,Month,Week,Day,Hour,Minute,Second\"  data-terminal-date=\"2019\/10\/24 16:25:05\" data-countformat=\"DHMS\" data-time-zone=\"3\" data-time-now=\"2026\/05\/14 02:29:38\"  data-tick-col=\"#ffffff\" data-tick-p-col=\"#ffffff\"  data-tick-style=\"600\"  data-tick-p-style=\"\" ><span class=\"porto_countdown-row porto_countdown-show4\"><span class=\"porto_countdown-section\"><span class=\"porto_time-mid\"><span class=\"porto_countdown-amount\">00<\/span><span class=\"porto_countdown-period\">Days<\/span><\/span><\/span><span class=\"porto_countdown-section\"><span class=\"porto_time-mid\"><span class=\"porto_countdown-amount\">00<\/span><span class=\"porto_countdown-period\">Hours<\/span><\/span><\/span><span class=\"porto_countdown-section\"><span class=\"porto_time-mid\"><span class=\"porto_countdown-amount\">00<\/span><span class=\"porto_countdown-period\">Minutes<\/span><\/span><\/span><span class=\"porto_countdown-section\"><span class=\"porto_time-mid\"><span class=\"porto_countdown-amount\">00<\/span><span class=\"porto_countdown-period\">Seconds<\/span><\/span><\/span><\/span><\/div><\/div><script>\n\tjQuery(document).ready(function ($) {\n\t\tif (!$.fn.porto_countdown) {\n\t\t\tvar c = document.createElement(\"script\");\n\t\t\tc.src = \"\";\n\t\t\tif (!$('script[src=\"' + c.src + '\"]').length) {\n\t\t\t\tdocument.getElementsByTagName(\"body\")[0].appendChild(c);\n\t\t\t}\n\t\t\tc = document.createElement(\"script\");\n\t\t\tc.src = \"\";\n\t\t\tif (!$('script[src=\"' + c.src + '\"]').length) {\n\t\t\t\tdocument.getElementsByTagName(\"body\")[0].appendChild(c);\n\t\t\t}\n\t\t}\n\t});\n<\/script>\n[\/vc_column][vc_column width=&#8221;1\/3&#8243; css=&#8221;.vc_custom_1563263913873{background-image: url(https:\/\/hemegkongre2019.atauni.edu.tr\/wp-content\/uploads\/2018\/11\/testimonialbg.jpg?id=1494) !important;background-position: center !important;background-repeat: no-repeat !important;background-size: contain !important;}&#8221; offset=&#8221;vc_hidden-sm vc_hidden-xs&#8221;][vc_empty_space][vc_raw_html css=&#8221;.vc_custom_1568371394650{padding-left: 5px !important;}&#8221;]JTNDcCUyMCUyMHN0eWxlJTNEJTIyY29sb3IlM0ElMjNmZmZmZmYlM0IlMjIlM0VDb250YWN0JTNDJTJGYnIlM0UlMEFOZW5laGF0dW4lMjBLJUMzJUJDbHQlQzMlQkNyJTIwTWVya2V6aSUyQyUyMEF0YXQlQzMlQkNyayUyMCVDMyU5Q252LiUyME5vJTNBMzglMkMlMjAyNTI0MCUyMFlha3V0aXllJTJGRXJ6dXJ1bSUwQUUtcG9zdGElM0ElMjBoZW1lZ2tvbmdyZTIwMTklNDBob3RtYWlsLmNvbSUwQSUzQyUyRmJyJTNFJTBBJTNDJTJGcCUzRQ==[\/vc_raw_html][\/vc_column][\/vc_row][vc_row wrap_container=&#8221;yes&#8221; is_section=&#8221;yes&#8221; section_skin=&#8221;parallax&#8221; remove_margin_top=&#8221;yes&#8221; remove_margin_bottom=&#8221;yes&#8221; remove_border=&#8221;yes&#8221;][vc_column width=&#8221;2\/3&#8243; text_align=&#8221;left&#8221; offset=&#8221;vc_col-md-8&#8243;][vc_column_text el_class=&#8221;lead&#8221;]<a href=\"https:\/\/hemegkongre2019.atauni.edu.tr\/wp-content\/uploads\/2020\/01\/\u00d6ZET-VE-TAM-MET\u0130N-K\u0130TABI-1.pdf\">\u00d6ZET VE TAM MET\u0130N K\u0130TABI<\/a>[\/vc_column_text][\/vc_column][vc_column width=&#8221;1\/3&#8243;][vc_tta_pageable no_fill_content_area=&#8221;1&#8243; autoplay=&#8221;5&#8243; active_section=&#8221;1&#8243;][vc_tta_section title=&#8221;Section 1&#8243; tab_id=&#8221;1571041429279-50ddda1d-a5ec&#8221;][vc_single_image image=&#8221;4346&#8243; img_size=&#8221;medium&#8221; alignment=&#8221;center&#8221; title=&#8221;INTERNATIONAL SPEAKERS&#8221;][vc_column_text]<\/p>\n<p style=\"text-align: right;\">Souzan Hawala-Druy, MPH, BSN, was a faculty at Howard University-College of Nursing, currently, part-time faculty at College of Medicine, USA. She is a presenter, keynote speaker, and guest lecturer at national and international conferences, seminars, and workshops for topics related to culture competence\u2019s curriculum development and enhancement; inter\u2013professional education; and Millennials as health professionals. She developed and teaches: 1) Interdisciplinary Culture Competency course for health sciences students, 2) Culture Competency for Master of Clinical &#038; Translational Research, and 3) Interdisciplinary Health Ethics. Also, peer reviewer for international nursing and medical journals. Co-authored a book chapter, 2011, Culture Competency and Sensitivity in Human Simulation, in Human Simulation for Health Professions; co-authored a journal article, 2012, Interdisciplinary: Cultural Competency and Culturally Congruent Education for Millennials in Health Profession; and authored a book chapter, 2014, Cultural Competency for Radiologic &#038; Imaging Nursing, in Core Curriculum for Radiologic and Imaging Nursing.<\/p>\n<div id=\"gtx-trans\" style=\"position: absolute; left: -3px; top: -9.78819px;\">\n<div class=\"gtx-trans-icon\"><\/div>\n<\/div>\n<p>[\/vc_column_text][\/vc_tta_section][vc_tta_section title=&#8221;Section 1&#8243; tab_id=&#8221;1571041752360-e1a14e46-c59e&#8221;][vc_single_image image=&#8221;4347&#8243; img_size=&#8221;medium&#8221; alignment=&#8221;center&#8221; title=&#8221;INTERNATIONAL SPEAKERS&#8221;][vc_column_text][\/vc_column_text][\/vc_tta_section][vc_tta_section title=&#8221;Section 1&#8243; tab_id=&#8221;1571041845920-d9e380f8-c383&#8243;][vc_single_image image=&#8221;4360&#8243; img_size=&#8221;medium&#8221; alignment=&#8221;center&#8221; title=&#8221;INTERNATIONAL SPEAKERS&#8221;][vc_column_text]<\/p>\n<p style=\"text-align: right;\">Stuart graduated as a nurse in Sheffield in the 1980s and then pursued a clinical career in emergency care and subsequently as a nurse practitioner in homeless outreach in Central London. He completed a Masters degree through Manchester University with a dissertation on care of homeless people in A &#038; E departments. His career, influenced by a passion for learning, then led him into to education when he took the opportunity to become a lecturer and then programme leader for the Royal College of Nursing (RCN) BSc (Hons) Nurse Practitioner programme in the then Institute for Advanced Nursing Studies.<\/p>\n<p>[\/vc_column_text][\/vc_tta_section][vc_tta_section title=&#8221;Section 1&#8243; tab_id=&#8221;1571041846825-25235f85-30c0&#8243;][vc_single_image image=&#8221;4350&#8243; img_size=&#8221;medium&#8221; alignment=&#8221;center&#8221; title=&#8221;INTERNATIONAL SPEAKERS&#8221;][vc_column_text]<\/p>\n<p style=\"text-align: right;\">Ehsan Khan has completed his PhD in Physiology from King\u2019s College London and has been a Registered Nurse. He is currently working as Lecturer in King\u2019s College London. He is Academic Lead for development and utilization of online learning in the faculty and is involved in research and teaching of biosciences in nursing. He has published more than 30 papers and a number of book chapters primarily related to physiology and pharmacology in nursing.<\/p>\n<p>[\/vc_column_text][\/vc_tta_section][vc_tta_section title=&#8221;Section 1&#8243; tab_id=&#8221;1571041845116-a09d9957-db19&#8243;][vc_single_image image=&#8221;4359&#8243; img_size=&#8221;medium&#8221; alignment=&#8221;center&#8221; title=&#8221;INTERNATIONAL SPEAKERS&#8221;][vc_column_text]<\/p>\n<p style=\"text-align: right;\">Dr. Rona Faye Levin is currently a consultant in healthcare education both for academic and clinical agencies. She was formerly the director of the DNP Program at New York University Rory Meyers College of Nursing. She is also a consultant in accreditation of nursing programs. She has over 100 publications and has presented nationally and internationally on teaching evidence-based practice (EBP), EBP improvement projects, and developing academic\/clinical partnerships. Most recently, the second edition of her book (co-edited by Dr. Harriet Feldman), Teaching Evidence-Based Practice in Nursing, published by Springer, won an American Journal of Nursing (AJN) Book of the Year Award. The first edition of that book also won an AJN Book of the Year Award. In 2008 she received the Jesse M. Scott Award for exemplary integration of research, education and practice from the American Nurses\u2019 Association.<\/p>\n<p>[\/vc_column_text][\/vc_tta_section][vc_tta_section title=&#8221;Section 1&#8243; tab_id=&#8221;1571041844210-32b02558-81c7&#8243;][vc_single_image image=&#8221;4357&#8243; img_size=&#8221;medium&#8221; alignment=&#8221;center&#8221; title=&#8221;INTERNATIONAL SPEAKERS&#8221;][vc_column_text]<\/p>\n<p style=\"text-align: right;\">Mirjam Norris-Nommensen works as a Nurse Practitioner Hospitalist in White Plains Hospital, an affiliate of the Montefiore Health System. She is currently enrolled in the DNP program at Pace University, New York. Mirjam does research in Nursing Science.<\/p>\n<p>[\/vc_column_text][\/vc_tta_section][vc_tta_section title=&#8221;Section 1&#8243; tab_id=&#8221;1571041843404-8dfbb38d-0d6a&#8221;][vc_single_image image=&#8221;4356&#8243; img_size=&#8221;medium&#8221; alignment=&#8221;center&#8221; title=&#8221;INTERNATIONAL SPEAKERS&#8221;][vc_column_text]<\/p>\n<p style=\"text-align: right;\">Professor Peter Draper is professor of nursing education and scholarship development at the University of Hull, in the North East of England. Peter has been a registered nurse since 1980, and obtained his PhD in 1994. His research interests include the nursing contribution to the wellbeing of older people, creative writing in the nursing curriculum, and nurses\u2019 use of language with older people. Peter is recognised in the UK as a National Teaching Fellow, and he is a Principal Fellow of the Higher Education Academy. Peter is a widely experienced nurse educator and has supervised many students for undergraduate, postgraduate, and doctoral degrees.<\/p>\n<p>[\/vc_column_text][\/vc_tta_section][vc_tta_section title=&#8221;Section 1&#8243; tab_id=&#8221;1571041842250-1b971478-3081&#8243;][vc_single_image image=&#8221;4355&#8243; img_size=&#8221;medium&#8221; alignment=&#8221;center&#8221; title=&#8221;INTERNATIONAL SPEAKERS&#8221;][vc_column_text]<\/p>\n<p style=\"text-align: right;\">National Taipei University of Nursing Sciences \u00b7 Department of Nursing National Taipei University of Nursing and Health Sciences Chair, Department of Gerontological Health Care, National Taipei University of Nursing and Health Sciences Professor of College of Nursing, National Taipei University of Nursing and Health Sciences<\/p>\n<p>[\/vc_column_text][\/vc_tta_section][vc_tta_section title=&#8221;Section 1&#8243; tab_id=&#8221;1571042128167-60f1f936-5810&#8243;][vc_single_image image=&#8221;4424&#8243; img_size=&#8221;medium&#8221; alignment=&#8221;center&#8221; title=&#8221;INTERNATIONAL SPEAKERS&#8221;][vc_column_text]<\/p>\n<p style=\"text-align: right;\"><span class=\"lt-line-clamp__line\">Experienced Education Coordinator with a demonstrated history of working in the hospital &#038; health care industry.<\/span>\u00a0<span class=\"lt-line-clamp__line\">Skilled in Negotiation, Supporting Others, Training Delivery, and Management. Strong administrative professional with a<\/span>\u00a0<span class=\"lt-line-clamp__line lt-line-clamp__line--last\">Professional Masters focused in Healthcare from Glasgow Caledonian University.<\/span><\/p>\n<p>[\/vc_column_text][\/vc_tta_section][vc_tta_section title=&#8221;Section 1&#8243; tab_id=&#8221;1571042129926-4e0d5b7a-9ba7&#8243;][vc_single_image image=&#8221;4397&#8243; img_size=&#8221;medium&#8221; alignment=&#8221;center&#8221; title=&#8221;INTERNATIONAL SPEAKERS&#8221;][vc_column_text]<\/p>\n<p style=\"text-align: right;\">Susie Schofield started work life programming then project managing in the financial sector in London. This led to an interest in training and education, and she completed a PGCE at Cambridge University in 1991. Moving to Dundee in 1999, she studied for a masters in applied computing, which she combined with a 3-year research assistant post on a European-funded eLearning project. This was followed by a PhD in the School of Education at Dundee: The medically interrupted learner: Communication channels for sustaining educational and socio-emotional progress where she analysed the experiences and attitudes of health and education students and professionals as well as hospitalized children and their guardians.<\/p>\n<p style=\"text-align: right;\">She joined the Centre for Medical Education (CME) in 2006 as Staff Development Officer, supporting NHS doctors involved in the undergraduate medical curriculum in their educational role. Appointed lecturer and eLearning academic lead in 2009 on the Masters in Medical Education programme, she led the move of the paper-based course to online. In 2013 she became senior lecturer and CME\u2019s internationalisation lead, and works with students and staff both locally and internationally. She is a member of senate and the University subcommittees for Equality and Diversity, the PGCAPHE and the Consumer Protection Act. She represents the University on the SHED (Scottish Higher Education Developers) group and continues to work closely with NES (NHS Education Scotland) Tayside.<\/p>\n<p>[\/vc_column_text][\/vc_tta_section][vc_tta_section title=&#8221;Section 1&#8243; tab_id=&#8221;1571042130988-2bb7613e-614a&#8221;][vc_single_image image=&#8221;4366&#8243; img_size=&#8221;medium&#8221; alignment=&#8221;center&#8221; title=&#8221;INTERNATIONAL SPEAKERS&#8221;][vc_column_text]<\/p>\n<p style=\"text-align: right;\">Roger Watson is a graduate of The University of Edinburgh with a PhD in biochemistry from The University of Sheffield who qualified in nursing at St George\u2019s Hospital, London. Working in care of older people, he has a special interest in the feeding and nutritional problems of older people with dementia. He is Editor-in-Chief of Journal of Advanced Nursing and Editor of Nursing Open. A frequent visitor to the Far East, South East Asia and Australia, he has honorary and visiting positions in China, Hong Kong, and Australia. He is Professor of Nursing, University of Hull, UK and was a member of the UK 2014 Research Excellence Framework sub-panel for Allied Health Professions, Dentistry, Nursing and Pharmacy. In 2017 he was inducted into the Sigma Theta Tau International Nurse Researcher Hall of Fame.<\/p>\n<p>[\/vc_column_text][\/vc_tta_section][vc_tta_section title=&#8221;Section 1&#8243; tab_id=&#8221;1571042132042-19dda407-c038&#8243;][vc_single_image image=&#8221;4370&#8243; img_size=&#8221;medium&#8221; alignment=&#8221;center&#8221; title=&#8221;INTERNATIONAL SPEAKERS&#8221;][vc_column_text]<\/p>\n<p style=\"text-align: right;\">Dow University of Health Sciences | DUHS<br \/>\nInstitute of Nursing Assistant Professor[\/vc_column_text][\/vc_tta_section][vc_tta_section title=&#8221;Section 1&#8243; tab_id=&#8221;1571042133154-ea5c9488-24e6&#8243;][vc_single_image image=&#8221;4353&#8243; img_size=&#8221;medium&#8221; alignment=&#8221;center&#8221; title=&#8221;INTERNATIONAL SPEAKERS&#8221;][vc_column_text]<\/p>\n<p style=\"text-align: right;\">Professor Dr. Nurhan Bayraktar graduated from Hacettepe University School of Nursing in 1986. She completed her master\u2019s degree in Surgical Nursing at Hacettepe University in 1988 and her doctorate in 1994. She worked as an assistant professor at Hacettepe University Faculty of Nursing between 1995-2000, associate professor between 2000-2005 and professor between 2005-2014. She has been working at the Near East University since 2016<\/p>\n<p>[\/vc_column_text][\/vc_tta_section][vc_tta_section title=&#8221;Section 1&#8243; tab_id=&#8221;1571042134675-544d456e-9515&#8243;][vc_single_image image=&#8221;4354&#8243; img_size=&#8221;medium&#8221; alignment=&#8221;center&#8221; title=&#8221;INTERNATIONAL SPEAKERS&#8221;][vc_column_text]<\/p>\n<p style=\"text-align: right;\">Dr Carol Reid has many years of clinical nursing, tertiary education and research experience. She has made significant research contributions to the areas regarding self-management of chronic diseases such as, Cancer care, Alcohol and Drug, Hepatitis C, Sexual Health, HIV\/AIDS and Renal nursing. She has successfully received competitive grants and is currently leading the development of a digital psychometric measure to test patient-reported experience of cancer care. This health services research will support patient centred care and will assist in informing the strategic direction of cancer services and organisations within Australia\u2019s health care system and internationally with New Zealand Collaborators. Funding has been received for an international collaboration between University of Auckland, New Zealand and Brisbane, Australia for a large Australian health services study commencing in 2019.\u00a0 Dr Reid has presented her research nationally and internationally and is currently a national and international reviewer for reputable nursing journals from Australia, Europe and USA.\u00a0 Personal Link: https:\/\/www.usc.edu.au\/staff-repository\/dr-carol-reid<\/p>\n<p>[\/vc_column_text][\/vc_tta_section][\/vc_tta_pageable][\/vc_column][\/vc_row]<\/p>\n","protected":false},"excerpt":{"rendered":"<p>[vc_row][vc_column][vc_single_image image=&#8221;4283&#8243; img_size=&#8221;1633&#215;523&#8243; alignment=&#8221;center&#8221; lightbox=&#8221;yes&#8221; css=&#8221;.vc_custom_1568191912127{margin-bottom: 40px !important;}&#8221;][\/vc_column][\/vc_row][vc_row wrap_container=&#8221;yes&#8221; css=&#8221;.vc_custom_1562938116547{margin-top: -65px !important;}&#8221;][vc_column width=&#8221;1\/3&#8243; css=&#8221;.vc_custom_1563263898427{background-image: url(https:\/\/hemegkongre2019.atauni.edu.tr\/wp-content\/uploads\/2018\/11\/testimonialbg.jpg?id=1494) !important;background-position: center !important;background-repeat: no-repeat !important;background-size: contain !important;}&#8221; offset=&#8221;vc_hidden-sm vc_hidden-xs&#8221;][vc_empty_space][vc_empty_space][vc_custom_heading text=&#8221;Congress Registration&#8221; font_container=&#8221;tag:h4|font_size:25|text_align:center|color:%23ffffff&#8221; google_fonts=&#8221;font_family:Open%20Sans%3A300%2C300italic%2Cregular%2Citalic%2C600%2C600italic%2C700%2C700italic%2C800%2C800italic|font_style:600%20bold%20regular%3A600%3Anormal&#8221; link=&#8221;url:https%3A%2F%2Fhemegkongre2019.atauni.edu.tr%2Fen%2Findex.php%2Frecord%2F|title:RECORD%26ACCOMMODATION|target:%20_blank|&#8221;][\/vc_column][vc_column width=&#8221;1\/3&#8243; css=&#8221;.vc_custom_1563263907689{background-image: url(https:\/\/hemegkongre2019.atauni.edu.tr\/wp-content\/uploads\/2018\/11\/testimonialbg.jpg?id=1494) !important;background-position: center !important;background-repeat: no-repeat !important;background-size: contain !important;}&#8221; offset=&#8221;vc_hidden-sm vc_hidden-xs&#8221;][vc_empty_space][vc_empty_space][\/vc_column][vc_column width=&#8221;1\/3&#8243; css=&#8221;.vc_custom_1563263913873{background-image: url(https:\/\/hemegkongre2019.atauni.edu.tr\/wp-content\/uploads\/2018\/11\/testimonialbg.jpg?id=1494) !important;background-position: center !important;background-repeat: no-repeat !important;background-size: contain !important;}&#8221; offset=&#8221;vc_hidden-sm vc_hidden-xs&#8221;][vc_empty_space][vc_raw_html css=&#8221;.vc_custom_1568371394650{padding-left: 5px [&hellip;]<\/p>\n","protected":false},"author":1,"featured_media":0,"parent":0,"menu_order":0,"comment_status":"closed","ping_status":"closed","template":"","meta":{"footnotes":""},"class_list":["post-143","page","type-page","status-publish","hentry"],"_links":{"self":[{"href":"https:\/\/hemegkongre2019.atauni.edu.tr\/en\/index.php\/wp-json\/wp\/v2\/pages\/143","targetHints":{"allow":["GET"]}}],"collection":[{"href":"https:\/\/hemegkongre2019.atauni.edu.tr\/en\/index.php\/wp-json\/wp\/v2\/pages"}],"about":[{"href":"https:\/\/hemegkongre2019.atauni.edu.tr\/en\/index.php\/wp-json\/wp\/v2\/types\/page"}],"author":[{"embeddable":true,"href":"https:\/\/hemegkongre2019.atauni.edu.tr\/en\/index.php\/wp-json\/wp\/v2\/users\/1"}],"replies":[{"embeddable":true,"href":"https:\/\/hemegkongre2019.atauni.edu.tr\/en\/index.php\/wp-json\/wp\/v2\/comments?post=143"}],"version-history":[{"count":143,"href":"https:\/\/hemegkongre2019.atauni.edu.tr\/en\/index.php\/wp-json\/wp\/v2\/pages\/143\/revisions"}],"predecessor-version":[{"id":4979,"href":"https:\/\/hemegkongre2019.atauni.edu.tr\/en\/index.php\/wp-json\/wp\/v2\/pages\/143\/revisions\/4979"}],"wp:attachment":[{"href":"https:\/\/hemegkongre2019.atauni.edu.tr\/en\/index.php\/wp-json\/wp\/v2\/media?parent=143"}],"curies":[{"name":"wp","href":"https:\/\/api.w.org\/{rel}","templated":true}]}}